{"id":4608,"date":"2023-08-23T22:46:31","date_gmt":"2023-08-23T20:46:31","guid":{"rendered":"https:\/\/www.tattoosibiza.com\/tattoo-blogs\/"},"modified":"2024-02-09T16:48:41","modified_gmt":"2024-02-09T15:48:41","slug":"tattoo-blogs","status":"publish","type":"page","link":"https:\/\/www.tattoosibiza.com\/es\/tattoo-blogs\/","title":{"rendered":"Blogs"},"content":{"rendered":"<p>\u00a1Bienvenido al <a href=\"https:\/\/www.tattoosibiza.com\/es\/\">Tattoo Ibiza<\/a> Lounge en nuestro cautivador mundo del arte corporal! En nuestra categor\u00eda blog encontrar\u00e1s abundante informaci\u00f3n sobre tatuajes de manos, brazos, dedos, cuello y espalda. Sum\u00e9rgete en el reino del arte del tatuaje y d\u00e9jate inspirar por nuestros \u00faltimos art\u00edculos y actualizaciones. Te mantendremos al d\u00eda de las \u00faltimas tendencias, dise\u00f1os y t\u00e9cnicas para que puedas expresar tu est\u00e9tica personal a la perfecci\u00f3n. Tanto si buscas la pr\u00f3xima gran idea para un <a href=\"https:\/\/www.tattoosibiza.com\/es\/tatuajes\/\">tatuaje en Ibiza<\/a> como si simplemente quieres compartir tu pasi\u00f3n por el arte corporal, aqu\u00ed encontrar\u00e1s todo lo que necesitas. \u00a1Permanece atento para descubrir nuevos contenidos con regularidad y enriquecer tu viaje del tatuaje! Si quieres hacerte un piercing, haz clic en <a href=\"https:\/\/www.tattoosibiza.com\/es\/piercing-ibiza\/\">Piering Ibiza<\/a> y aprende m\u00e1s sobre el arte\u00a0del\u00a0piercing.<\/p>\n","protected":false},"excerpt":{"rendered":"<p>\u00a1Bienvenido al Tattoo Ibiza Lounge en nuestro cautivador mundo del arte corporal! En nuestra categor\u00eda blog encontrar\u00e1s abundante informaci\u00f3n sobre tatuajes de manos, brazos, dedos, cuello y espalda. Sum\u00e9rgete en el reino del arte del tatuaje y d\u00e9jate inspirar por nuestros \u00faltimos art\u00edculos y actualizaciones. Te mantendremos al d\u00eda de las \u00faltimas tendencias, dise\u00f1os y &hellip; <a href=\"https:\/\/www.tattoosibiza.com\/es\/tattoo-blogs\/\" class=\"more-link\">Continue reading<span class=\"screen-reader-text\"> \u00abBlogs\u00bb<\/span><\/a><\/p>\n","protected":false},"author":1,"featured_media":0,"parent":0,"menu_order":0,"comment_status":"closed","ping_status":"closed","template":"page-blog.php","meta":{"_acf_changed":false,"two_page_speed":[],"footnotes":""},"class_list":["post-4608","page","type-page","status-publish","hentry"],"acf":[],"aioseo_notices":[],"_links":{"self":[{"href":"https:\/\/www.tattoosibiza.com\/es\/wp-json\/wp\/v2\/pages\/4608","targetHints":{"allow":["GET"]}}],"collection":[{"href":"https:\/\/www.tattoosibiza.com\/es\/wp-json\/wp\/v2\/pages"}],"about":[{"href":"https:\/\/www.tattoosibiza.com\/es\/wp-json\/wp\/v2\/types\/page"}],"author":[{"embeddable":true,"href":"https:\/\/www.tattoosibiza.com\/es\/wp-json\/wp\/v2\/users\/1"}],"replies":[{"embeddable":true,"href":"https:\/\/www.tattoosibiza.com\/es\/wp-json\/wp\/v2\/comments?post=4608"}],"version-history":[{"count":6,"href":"https:\/\/www.tattoosibiza.com\/es\/wp-json\/wp\/v2\/pages\/4608\/revisions"}],"predecessor-version":[{"id":6911,"href":"https:\/\/www.tattoosibiza.com\/es\/wp-json\/wp\/v2\/pages\/4608\/revisions\/6911"}],"wp:attachment":[{"href":"https:\/\/www.tattoosibiza.com\/es\/wp-json\/wp\/v2\/media?parent=4608"}],"curies":[{"name":"wp","href":"https:\/\/api.w.org\/{rel}","templated":true}]}}