{"id":4620,"date":"2023-08-26T23:15:32","date_gmt":"2023-08-26T21:15:32","guid":{"rendered":"https:\/\/www.tattoosibiza.com\/impressum\/"},"modified":"2026-01-28T17:55:42","modified_gmt":"2026-01-28T16:55:42","slug":"impresion","status":"publish","type":"page","link":"https:\/\/www.tattoosibiza.com\/es\/impresion\/","title":{"rendered":"Impresi\u00f3n"},"content":{"rendered":"\r\n<p>Tattoo Longe S.l<br \/>B 566 39 578<br \/>Christian Wolf<br \/>Carrer del Canari 2 Ap 4<br \/>07819 Jesus. Ibiza<\/p>\r\n\r\n\r\n\r\n<p>Representado por:<br \/>Christian Wolf<\/p>\r\n\r\n\r\n\r\n<p>Contacto:<br \/>Telephone: +34 612 405 357<br \/>E-Mail: <a href=\"mailto:info@tattoosibiza.com\">info@tattoosibiza.com<\/a><\/p>\r\n\r\n\r\n\r\n<h2 class=\"wp-block-heading\">Descargo de responsabilidad:<\/h2>\r\n\r\n\r\n\r\n<h3 class=\"wp-block-heading\">Responsabilidad por los contenidos<\/h3>\r\n\r\n\r\n\r\n<p>Los contenidos de nuestras p\u00e1ginas se han elaborado con el m\u00e1ximo cuidado. Sin embargo, no podemos asumir ninguna responsabilidad por la exactitud, integridad y actualidad de los contenidos. Como proveedor de servicios, somos responsables de nuestros propios contenidos en estas p\u00e1ginas de acuerdo con las leyes generales seg\u00fan \u00a7 7 p\u00e1rrafo 1 TMG. Sin embargo, seg\u00fan \u00a7\u00a7 8 a 10 TMG, como proveedor de servicios no estamos obligados a controlar la informaci\u00f3n ajena transmitida o almacenada ni a investigar circunstancias que indiquen una actividad ilegal. Esto no afecta a las obligaciones de eliminar o bloquear el uso de informaci\u00f3n de conformidad con las leyes generales. Sin embargo, la responsabilidad a este respecto s\u00f3lo es posible a partir del momento en que se tiene conocimiento de una infracci\u00f3n concreta de la ley. Si tenemos conocimiento de alguna infracci\u00f3n de este tipo, eliminaremos inmediatamente el contenido correspondiente.<\/p>\r\n\r\n\r\n\r\n<h3 class=\"wp-block-heading\">Responsabilidad por enlaces<\/h3>\r\n\r\n\r\n\r\n<p>Nuestro sitio web contiene enlaces a sitios web externos de terceros sobre cuyo contenido no tenemos ninguna influencia. Por lo tanto, no podemos asumir ninguna responsabilidad por estos contenidos externos. El respectivo proveedor u operador de las p\u00e1ginas es siempre responsable del contenido de las p\u00e1ginas enlazadas. En el momento de establecer el enlace se comprob\u00f3 si las p\u00e1ginas enlazadas infring\u00edan la ley. En el momento de establecer el enlace no se detectaron contenidos ilegales. Sin embargo, no es razonable un control permanente de los contenidos de las p\u00e1ginas enlazadas sin indicios concretos de una infracci\u00f3n legal. Si tuvi\u00e9ramos conocimiento de alguna infracci\u00f3n de la ley, eliminar\u00edamos inmediatamente dichos enlaces.<\/p>\r\n\r\n\r\n\r\n<h3 class=\"wp-block-heading\">Derechos de autor<\/h3>\r\n\r\n\r\n\r\n<p>Los contenidos y obras de estas p\u00e1ginas creados por los operadores del sitio est\u00e1n sujetos a la legislaci\u00f3n alemana sobre derechos de autor. La reproducci\u00f3n, procesamiento, distribuci\u00f3n o cualquier forma de comercializaci\u00f3n de dicho material m\u00e1s all\u00e1 del alcance de la ley de derechos de autor requerir\u00e1 el consentimiento previo por escrito de su respectivo autor o creador. Las descargas y copias de este sitio s\u00f3lo est\u00e1n permitidas para uso privado y no comercial. En la medida en que el contenido de este sitio no haya sido creado por el operador, se respetar\u00e1n los derechos de autor de terceros. En particular, los contenidos de terceros est\u00e1n marcados como tales. No obstante, si tiene conocimiento de una infracci\u00f3n de los derechos de autor, le rogamos que nos lo comunique. Si tenemos conocimiento de alguna infracci\u00f3n, eliminaremos inmediatamente dicho contenido.<\/p>\r\n\r\n\r\n\r\n<h3 class=\"wp-block-heading\">Protecci\u00f3n de datos<\/h3>\r\n\r\n\r\n\r\n<p>Por regla general, es posible utilizar nuestro sitio web sin facilitar datos personales. En la medida en que en nuestras p\u00e1ginas se recaben datos personales (por ejemplo, nombre, direcci\u00f3n o direcciones de correo electr\u00f3nico), siempre se har\u00e1, en la medida de lo posible, de forma voluntaria. Estos datos no se transmitir\u00e1n a terceros sin su consentimiento expreso.<\/p>\r\n\r\n\r\n\r\n<p>Advertimos que la transmisi\u00f3n de datos en Internet (por ejemplo, la comunicaci\u00f3n por correo electr\u00f3nico) puede presentar lagunas de seguridad. No es posible una protecci\u00f3n completa de los datos contra el acceso de terceros. Por la presente se proh\u00edbe expresamente el uso de los datos de contacto publicados en el marco de la obligaci\u00f3n del pie de imprenta por parte de terceros para el env\u00edo de publicidad y material informativo no solicitado expresamente. Los operadores de las p\u00e1ginas se reservan expresamente el derecho a emprender acciones legales en caso de env\u00edo no solicitado de informaci\u00f3n publicitaria, por ejemplo mediante correos spam.<\/p>\r\n\r\n\r\n\r\n<h3 class=\"wp-block-heading\">Google Analytics<\/h3>\r\n\r\n\r\n\r\n<p>Esta p\u00e1gina web utiliza Google Analytics, un servicio anal\u00edtico de web prestado por Google, Inc (\u00abGoogle\u00bb). Google Analytics utiliza \u00abcookies\u00bb, que son archivos de texto ubicados en su ordenador, para ayudar al website a analizar el uso que hacen los usuarios del sitio web. La informaci\u00f3n que genera la cookie acerca de su uso del website (incluyendo su direcci\u00f3n IP) ser\u00e1 directamente transmitida y archivada por Google en los servidores de Estados Unidos. Google usar\u00e1 esta informaci\u00f3n por cuenta nuestra con el prop\u00f3sito de seguir la pista de su uso del website, recopilando informes de la actividad del website y prestando otros servicios relacionados con la actividad del website y el uso de Internet. Google podr\u00e1 transmitir dicha informaci\u00f3n a terceros cuando as\u00ed se lo requiera la legislaci\u00f3n, o cuando dichos terceros procesen la informaci\u00f3n por cuenta de Google. Google no asociar\u00e1 su direcci\u00f3n IP con ning\u00fan otro dato del que disponga Google. Puede Usted rechazar el tratamiento de los datos o la informaci\u00f3n rechazando el uso de cookies mediante la selecci\u00f3n de la configuraci\u00f3n apropiada de su navegador, sin embargo, debe Usted saber que si lo hace puede ser que no pueda usar la plena funcionabilidad de este website. Al utilizar este website Usted consiente el tratamiento de informaci\u00f3n acerca de Usted por Google en la forma y para los fines arriba indicados.<\/p>\r\n\r\n\r\n\r\n<h3 class=\"wp-block-heading\">Google AdSense<\/h3>\r\n\r\n\r\n\r\n<p>Este sitio web utiliza Google Adsense, un servicio de publicidad web prestado por Google Inc, EE.UU. (\u00abGoogle\u00bb). Google Adsense utiliza las denominadas \u00abcookies\u00bb (archivos de texto), que se almacenan en su ordenador y permiten analizar el uso que usted hace del sitio web. Google Adsense tambi\u00e9n utiliza los llamados \u00abweb beacons\u00bb (peque\u00f1os gr\u00e1ficos invisibles) para recopilar informaci\u00f3n. Mediante el uso de la baliza web, se pueden registrar y recopilar acciones sencillas como el tr\u00e1fico de visitantes en el sitio web. La informaci\u00f3n que genera la cookie y\/o el web beacon acerca de su uso de este sitio web (incluyendo su direcci\u00f3n IP) ser\u00e1 directamente transmitida y archivada por Google en los servidores de Estados Unidos. Google usar\u00e1 esta informaci\u00f3n por cuenta nuestra con el prop\u00f3sito de seguir la pista de su uso del website en relaci\u00f3n con los anuncios publicitarios, recopilando informes de la actividad del website y anuncios publicitarios y prestando otros servicios relacionados con la actividad del website y el uso de Internet. Google podr\u00e1 transmitir dicha informaci\u00f3n a terceros cuando as\u00ed se lo requiera la legislaci\u00f3n, o cuando dichos terceros procesen la informaci\u00f3n por cuenta de Google. Google no asociar\u00e1 su direcci\u00f3n IP con ning\u00fan otro dato del que disponga Google. Puede evitar que se almacenen cookies en su disco duro y que se muestren balizas web seleccionando \u00abNo aceptar cookies\u00bb en la configuraci\u00f3n de su navegador (en MS Internet Explorer en \u00abHerramientas &gt; Opciones de Internet &gt; Privacidad &gt; Configuraci\u00f3n\u00bb; en Firefox en \u00abHerramientas &gt; Configuraci\u00f3n &gt; Privacidad &gt; Cookies\u00bb); no obstante, le advertimos de que en este caso es posible que no pueda utilizar todas las funciones de este sitio web en toda su extensi\u00f3n. Al utilizar este website Usted consiente el tratamiento de informaci\u00f3n acerca de Usted por Google en la forma y para los fines arriba indicados.<\/p>\r\n","protected":false},"excerpt":{"rendered":"<p>Tattoo Longe S.lB 566 39 578Christian WolfCarrer del Canari 2 Ap 407819 Jesus. Ibiza Representado por:Christian Wolf Contacto:Telephone: +34 612 405 357E-Mail: info@tattoosibiza.com Descargo de responsabilidad: Responsabilidad por los contenidos Los contenidos de nuestras p\u00e1ginas se han elaborado con el m\u00e1ximo cuidado. Sin embargo, no podemos asumir ninguna responsabilidad por la exactitud, integridad y actualidad &hellip; <a href=\"https:\/\/www.tattoosibiza.com\/es\/impresion\/\" class=\"more-link\">Continue reading<span class=\"screen-reader-text\"> \u00abImpresi\u00f3n\u00bb<\/span><\/a><\/p>\n","protected":false},"author":1,"featured_media":0,"parent":0,"menu_order":0,"comment_status":"closed","ping_status":"closed","template":"","meta":{"_acf_changed":false,"two_page_speed":[],"footnotes":""},"class_list":["post-4620","page","type-page","status-publish","hentry"],"acf":[],"aioseo_notices":[],"_links":{"self":[{"href":"https:\/\/www.tattoosibiza.com\/es\/wp-json\/wp\/v2\/pages\/4620","targetHints":{"allow":["GET"]}}],"collection":[{"href":"https:\/\/www.tattoosibiza.com\/es\/wp-json\/wp\/v2\/pages"}],"about":[{"href":"https:\/\/www.tattoosibiza.com\/es\/wp-json\/wp\/v2\/types\/page"}],"author":[{"embeddable":true,"href":"https:\/\/www.tattoosibiza.com\/es\/wp-json\/wp\/v2\/users\/1"}],"replies":[{"embeddable":true,"href":"https:\/\/www.tattoosibiza.com\/es\/wp-json\/wp\/v2\/comments?post=4620"}],"version-history":[{"count":7,"href":"https:\/\/www.tattoosibiza.com\/es\/wp-json\/wp\/v2\/pages\/4620\/revisions"}],"predecessor-version":[{"id":34774,"href":"https:\/\/www.tattoosibiza.com\/es\/wp-json\/wp\/v2\/pages\/4620\/revisions\/34774"}],"wp:attachment":[{"href":"https:\/\/www.tattoosibiza.com\/es\/wp-json\/wp\/v2\/media?parent=4620"}],"curies":[{"name":"wp","href":"https:\/\/api.w.org\/{rel}","templated":true}]}}