{"id":4647,"date":"2023-08-23T22:45:21","date_gmt":"2023-08-23T20:45:21","guid":{"rendered":"https:\/\/www.tattoosibiza.com\/piercing-ibiza\/"},"modified":"2024-04-30T22:04:28","modified_gmt":"2024-04-30T20:04:28","slug":"piercing-ibiza","status":"publish","type":"page","link":"https:\/\/www.tattoosibiza.com\/es\/piercing-ibiza\/","title":{"rendered":"Piercing Ibiza &#8211; todo tipo de piercings"},"content":{"rendered":"\r\n\r\n\r\n<p>Nuestro estudio de <strong>piercing Ibiza <\/strong>Lounge\u00a0ser\u00e1 un lugar donde la fascinaci\u00f3n por el arte corporal y la autoexpresi\u00f3n cobrar\u00e1n vida de una manera \u00fanica. Damos la bienvenida a todos los que quieran enriquecer su cuerpo a trav\u00e9s de piercings y expresar su personalidad a trav\u00e9s de esta forma art\u00edstica de joyer\u00eda. Nuestro estudio es un lugar de creatividad e individualidad, donde nuestros clientes pueden contar su historia \u00fanica de una manera visible e impresionante.<\/p>\r\n<h2 class=\"wp-block-heading\"><strong><span style=\"color: #ff6600;\">\u00a0 \u00a0 \u00a0 \u00a0 \u00a0 \u00a0 \u00a0 \u00a0 \u00a0 \u00a0 \u00a0 \u00a0 \u00a0 \u00a0 \u00a0 \u00a0 \u00a0 \u00a0 \u00a0 \u00a0 \u00a0 \u00a0 \u00a0 \u00a0 \u00a0 \u00a0 \u00a0 \u00a0 \u00a0 \u00a0+34 604 190 540<\/span><\/strong><\/h2>\r\n\r\n\r\n\r\n<h2 class=\"wp-block-heading\">Visite ahora nuestro Piercing Ibiza Lounge en el puerto <strong><span style=\"color: #ff6600;\">\u00a0 \u00a0 \u00a0\u00a0<\/span><\/strong><\/h2>\r\n\r\n\r\n\r\n<p>En nuestro estudio de piercing, ponemos especial \u00e9nfasis en piercers profesionales y experimentados que practican su oficio con pasi\u00f3n y precisi\u00f3n. Nuestros piercers est\u00e1n cuidadosamente formados, tienen amplios conocimientos de anatom\u00eda e higiene, as\u00ed como muchos a\u00f1os de experiencia en la realizaci\u00f3n de una gran variedad de t\u00e9cnicas de piercing. La seguridad y la satisfacci\u00f3n de nuestros clientes son nuestras principales prioridades, por lo que s\u00f3lo utilizamos agujas est\u00e9riles desechables y joyas de alta calidad fabricadas con materiales hipoalerg\u00e9nicos. \u00bfEst\u00e1s buscando uno de los mejores artistas de Ibiza para hacerte un tatuaje? Haz click aqu\u00ed en <a href=\"https:\/\/www.tattoosibiza.com\/es\/tatuajes\/\">Tatuajes Ibiza<\/a> para encontrar todos los estilos que ofrecemos. Esperamos darte la bienvenida a nuestro <a href=\"https:\/\/www.tattoosibiza.com\/es\">Tattoo\u00a0Ibiza<\/a>\u00a0Lounge!!!<\/p>\r\n","protected":false},"excerpt":{"rendered":"<p>Nuestro estudio de piercing Ibiza Lounge\u00a0ser\u00e1 un lugar donde la fascinaci\u00f3n por el arte corporal y la autoexpresi\u00f3n cobrar\u00e1n vida de una manera \u00fanica. Damos la bienvenida a todos los que quieran enriquecer su cuerpo a trav\u00e9s de piercings y expresar su personalidad a trav\u00e9s de esta forma art\u00edstica de joyer\u00eda. Nuestro estudio es un &hellip; <a href=\"https:\/\/www.tattoosibiza.com\/es\/piercing-ibiza\/\" class=\"more-link\">Continue reading<span class=\"screen-reader-text\"> \u00abPiercing Ibiza &#8211; todo tipo de piercings\u00bb<\/span><\/a><\/p>\n","protected":false},"author":1,"featured_media":3294,"parent":0,"menu_order":0,"comment_status":"closed","ping_status":"closed","template":"page-piercing.php","meta":{"_acf_changed":false,"two_page_speed":[],"footnotes":""},"class_list":["post-4647","page","type-page","status-publish","has-post-thumbnail","hentry"],"acf":[],"aioseo_notices":[],"_links":{"self":[{"href":"https:\/\/www.tattoosibiza.com\/es\/wp-json\/wp\/v2\/pages\/4647","targetHints":{"allow":["GET"]}}],"collection":[{"href":"https:\/\/www.tattoosibiza.com\/es\/wp-json\/wp\/v2\/pages"}],"about":[{"href":"https:\/\/www.tattoosibiza.com\/es\/wp-json\/wp\/v2\/types\/page"}],"author":[{"embeddable":true,"href":"https:\/\/www.tattoosibiza.com\/es\/wp-json\/wp\/v2\/users\/1"}],"replies":[{"embeddable":true,"href":"https:\/\/www.tattoosibiza.com\/es\/wp-json\/wp\/v2\/comments?post=4647"}],"version-history":[{"count":27,"href":"https:\/\/www.tattoosibiza.com\/es\/wp-json\/wp\/v2\/pages\/4647\/revisions"}],"predecessor-version":[{"id":7937,"href":"https:\/\/www.tattoosibiza.com\/es\/wp-json\/wp\/v2\/pages\/4647\/revisions\/7937"}],"wp:featuredmedia":[{"embeddable":true,"href":"https:\/\/www.tattoosibiza.com\/es\/wp-json\/wp\/v2\/media\/3294"}],"wp:attachment":[{"href":"https:\/\/www.tattoosibiza.com\/es\/wp-json\/wp\/v2\/media?parent=4647"}],"curies":[{"name":"wp","href":"https:\/\/api.w.org\/{rel}","templated":true}]}}