{"id":4748,"date":"2023-08-23T22:30:58","date_gmt":"2023-08-23T20:30:58","guid":{"rendered":"https:\/\/www.tattoosibiza.com\/tattoo-styles\/"},"modified":"2025-04-10T20:01:10","modified_gmt":"2025-04-10T18:01:10","slug":"tatuajes","status":"publish","type":"page","link":"https:\/\/www.tattoosibiza.com\/es\/tatuajes\/","title":{"rendered":"TATUAJE IBIZA: TODOS LOS ESTILOS EN NUESTRA IBIZA TATTOO ESTUDIO"},"content":{"rendered":"\u00a1Bienvenido a <a href=\"https:\/\/www.tattoosibiza.com\/es\">Tattoo Ibiza<\/a> Lounge ! Estamos orgullosos de ofrecerle una amplia gama de tipos de tatuajes que reflejan perfectamente su estilo y preferencias individuales. Nuestros experimentados artistas son maestros en su oficio y dan vida a tus ideas y visiones con la m\u00e1xima precisi\u00f3n. En esta p\u00e1gina web te damos una visi\u00f3n general de los diferentes tatuajes y tipos que puedes encontrar en nuestro estudio en Ibiza. Hazte tu <a href=\"https:\/\/www.tattoosibiza.com\/es\/\">tatuaje en Ibiza<\/a> y pres\u00famelo con alegr\u00eda el resto\u00a0de\u00a0tu\u00a0vida.\r\n<h2>Tatuajes en Ibiza: Variedad y Servicio Exclusivo en Tattoo Ibiza Lounge<\/h2>\r\n<ul>\r\n \t<li><strong>Realismo Art\u00edstico:<\/strong> Nuestros talentosos creadores son conocidos por su habilidad para elaborar obras maestras realistas. Desde retratos hasta temas de la naturaleza, conjuramos im\u00e1genes en tu piel que casi parecen fotograf\u00edas. Nuestros tatuajes realistas capturan detalles finos para un efecto visual absolutamente impresionante.<\/li>\r\n \t<li><strong>Estilo geom\u00e9trico:<\/strong> Si te gustan las l\u00edneas limpias y las formas abstractas, los tatuajes geom\u00e9tricos pueden ser justo lo que est\u00e1s buscando. Nuestros artistas crean dise\u00f1os fascinantes que combinan simetr\u00eda y armon\u00eda de una forma \u00fanica.<\/li>\r\n \t<li><strong>Pintura Acuarelable:<\/strong> Con una mezcla de colores aparentemente sin esfuerzo y formas fluidas, los tatuajes de acuarela ofrecen un toque de creatividad y vitalidad. Nuestros creadores utilizan una amplia gama de colores para crear obras que parecen pintadas con acuarelas.<\/li>\r\n \t<li><strong>Estilo cl\u00e1sico:<\/strong> Las ra\u00edces de la expresi\u00f3n corporal se remontan muy atr\u00e1s, y nuestros tatuajes tradicionales celebran esta est\u00e9tica cl\u00e1sica. Con colores atrevidos y contornos limpios, estos tatuajes recuerdan los or\u00edgenes de la expresi\u00f3n corporal.<\/li>\r\n \t<li><strong>Estilo minimalista:<\/strong> A veces menos dice m\u00e1s. Nuestros tatuajes minimalistas se centran en l\u00edneas limpias y s\u00edmbolos sencillos que pueden tener un significado poderoso. Este discreto estilo de expresi\u00f3n corporal es perfecto para expresar sutilmente su personalidad.<\/li>\r\n \t<li><strong>Patrones Tribales:<\/strong> Para aquellos que sienten una profunda conexi\u00f3n con la historia tribal, nuestros tatuajes tribales ofrecen una forma de honrar esa conexi\u00f3n. Creamos dise\u00f1os tribales personalizados con poderosos patrones y l\u00edneas.<\/li>\r\n \t<li><strong>Colorido Exuberante:<\/strong> A nuestros artistas les encanta dar vida a los colores. Ya sean flores vibrantes, animales coloridos o expresiones abstractas, dominamos la combinaci\u00f3n de colores para sumergir tu piel en un impresionante espectro de color.<\/li>\r\n \t<li><strong>Renovaci\u00f3n de Dise\u00f1os:<\/strong> \u00bfTienes un <strong>tatuaje<\/strong> que ya no te gusta? Nuestros experimentados creadores pueden ayudarte a transformar tus antiguas expresiones corporales y convertirlas en nuevos y asombrosos dise\u00f1os con nuestros tatuajes de encubrimiento.<\/li>\r\n \t<li><strong>Letras y Frases:<\/strong> Las palabras pueden tener un significado poderoso, y nuestros artistas pueden ayudarte a transmitir tu mensaje de forma impactante. Ya sea una cita inspiradora, una fecha significativa o un nombre especial, creamos letras que graban sus emociones en la piel.<\/li>\r\n<\/ul>\r\nEntendemos lo importante que es la individualidad cuando se trata del tipo de tatuaje. Por eso trabajamos estrechamente con usted para asegurarnos de que sus ideas y su imaginaci\u00f3n se materializan a la perfecci\u00f3n. Todos los tatuajes que salen de nuestro estudio son obras de arte \u00fanicas que reflejan tu personalidad y tu historia.\r\n\r\nEn nuestro estudio de tatuajes en Ibiza, contamos con los mejores artistas que ofrecen una experiencia \u00fanica. Con m\u00e1s de un a\u00f1o de experiencia en el mundo del tatuaje y el piercing, nuestro servicio es incomparable. Ya sea que busques un tatuaje, piercing o ambos, nuestro estudio, Tattoo Ibiza, se enorgullece de ofrecer lo mejor en arte corporal. Nuestros artistas expertos te brindar\u00e1n un servicio excepcional, asegur\u00e1ndote recibir un tatuaje o <a href=\"https:\/\/www.tattoosibiza.com\/es\/piercing-ibiza\/\">piercings<\/a> que refleje tu estilo y personalidad. Descubre el mundo de los <strong>tatuajes<\/strong> en <strong>Ibiza<\/strong> con nosotros y experimenta la excelencia en arte corporal en este a\u00f1o 2024.\r\n<h2>Ibiza Tattoo Lounge : Higiene y Dise\u00f1o y Tradicional<\/h2>\r\n<ul>\r\n \t<li><strong>Tradicional\/Antiguo:<\/strong> Este estilo se origin\u00f3 a principios del siglo XX y presenta dise\u00f1os atrevidos y sencillos con una paleta de colores limitada (normalmente rojo, verde, amarillo y azul). Los tatuajes tradicionales suelen tener temas n\u00e1uticos, como anclas, barcos, golondrinas y rosas. Pueden simbolizar temas de lealtad, protecci\u00f3n y amor. H\u00e1gase un inolvidable y tradicional dise\u00f1o en Ibiza.<\/li>\r\n \t<li><strong>Realismo:<\/strong> Los tatuajes realistas pretenden reproducir el aspecto de fotograf\u00edas u objetos reales sobre la piel. Requieren un alto nivel de habilidad y atenci\u00f3n al detalle. Los motivos pueden ir desde retratos de seres queridos a representaciones de animales, la naturaleza o incluso objetos cotidianos. El significado suele estar relacionado con un significado personal o con la captaci\u00f3n de un recuerdo concreto. H\u00e1gase un inolvidable y realista dise\u00f1o en Ibiza.<\/li>\r\n \t<li><strong>Acuarela:<\/strong> Los dise\u00f1os de acuarela utilizan colores vibrantes y formas fluidas, como pinceladas, para imitar el aspecto de las pinturas de acuarela. Estos dise\u00f1os suelen tener un aire on\u00edrico y abstracto. El significado puede variar mucho, pero suelen elegirse por su atractivo art\u00edstico y expresividad personal. H\u00e1gase un inolvidable y dise\u00f1o de acuarela en Ibiza.<\/li>\r\n \t<li><strong>Negro y gris:<\/strong> Este estilo se centra en el uso de tonos negros y grises para crear profundidad y dimensi\u00f3n. Suelen elegirse retratos, im\u00e1genes religiosas y dise\u00f1os intrincados. El significado depende del motivo y puede ir desde recordar a seres queridos hasta representar la fuerza interior.<\/li>\r\n \t<li><strong>Neo-tradicionales:<\/strong> Los dise\u00f1os neotradicionales son una evoluci\u00f3n de los dise\u00f1os tradicionales. Utilizan l\u00edneas m\u00e1s complejas, detalles y una paleta de colores m\u00e1s amplia. Mantienen la audacia de los dise\u00f1os tradicionales al tiempo que permiten una mayor creatividad art\u00edstica. El significado puede variar en funci\u00f3n del motivo elegido.<\/li>\r\n \t<li><strong>Irezumi japon\u00e9s:<\/strong> Este estilo tradicional japon\u00e9s presenta dise\u00f1os grandes y detallados con temas como dragones, peces koi, geishas y samur\u00e1is. Estos dise\u00f1os suelen simbolizar conceptos como la fuerza, la resistencia y la suerte.<\/li>\r\n \t<li><strong>Tribal:<\/strong> Los dise\u00f1os tribales se inspiran en los dise\u00f1os tradicionales de las culturas ind\u00edgenas de todo el mundo. Suelen consistir en atrevidos dibujos negros y s\u00edmbolos que pueden representar la herencia cultural, la espiritualidad o la identidad personal. Obtenga una lista de los muchos dise\u00f1os tribales que hemos realizado en Ibiza.<\/li>\r\n \t<li><strong>Biomec\u00e1nico:<\/strong> Este estilo incorpora elementos de m\u00e1quinas y rob\u00f3tica y a menudo crea la impresi\u00f3n de que el dise\u00f1o forma parte del cuerpo del portador. Puede simbolizar la fascinaci\u00f3n por la tecnolog\u00eda, la transformaci\u00f3n o una conexi\u00f3n entre el hombre y la m\u00e1quina.<\/li>\r\n \t<li><strong>Geom\u00e9tricos:<\/strong> Los dise\u00f1os geom\u00e9tricos utilizan formas, l\u00edneas y patrones para crear dise\u00f1os complejos. Pueden simbolizar el equilibrio, la armon\u00eda y la conexi\u00f3n de los distintos elementos de la vida.<\/li>\r\n \t<li><strong>Escrituras\/Citas:<\/strong> Los dise\u00f1os con palabras, frases o citas tienen un significado personal para el portador. Los significados pueden ir desde representar un lema personal hasta conmemorar un acontecimiento o una relaci\u00f3n significativa.<\/li>\r\n \t<li><strong>Simb\u00f3lico\/Espiritual:<\/strong> Estos dise\u00f1os presentan s\u00edmbolos con significados espec\u00edficos, como mandalas que representan la unidad espiritual, flores de loto que simbolizan el crecimiento y la iluminaci\u00f3n, y s\u00edmbolos yin-yang que representan el equilibrio.<\/li>\r\n<\/ul>\r\nRecuerda que el significado de los tatuajes puede ser muy personal y a menudo la gente decide hacerse un tatuaje por razones personales que van m\u00e1s all\u00e1 de las interpretaciones tradicionales. Si decides realizar esta expresi\u00f3n art\u00edstica, es esencial investigar a fondo el estilo y las razones de tu elecci\u00f3n, y compartir tus intenciones con uno de nuestros artistas profesionales del tatuaje en Ibiza.\r\n\r\nPor \u00faltimo, nos gustar\u00eda subrayar que tu satisfacci\u00f3n es nuestra m\u00e1xima prioridad. Nuestro dedicado equipo de artistas y profesionales en nuestro lugar en Ibiza est\u00e1 aqu\u00ed para guiarte en tu viaje hacia el tatuaje.\r\n\r\nContacta con nuestro <strong>estudio de tatuajes en Ibiza<\/strong> y reserva una cita para discutir tus ideas con nosotros. Aseguraremos un resultado excepcional contigo, nuestro valioso cliente. \u00a1Vamos a crear juntos un tatuaje que te brindar\u00e1 toda una vida de placer!\r\n\r\nArtistas de todo el mundo se encargan de todo tipo de tatuajes. En Ibiza Tattoo Lounge, somos tu lugar cuando se trata de un tatuaje para toda la vida. Aunque est\u00e9s en la calle, un simple click puede asegurar tu reserva. \u00a1Contamos contigo para un resultado espectacular!\r\n\r\n<strong>Hazte un tatuaje en Ibiza y disfruta de unas vacaciones inolvidables.<\/strong>\r\n\r\n<!-- \/wp:post-content -->","protected":false},"excerpt":{"rendered":"<p>\u00a1Bienvenido a Tattoo Ibiza Lounge ! Estamos orgullosos de ofrecerle una amplia gama de tipos de tatuajes que reflejan perfectamente su estilo y preferencias individuales. Nuestros experimentados artistas son maestros en su oficio y dan vida a tus ideas y visiones con la m\u00e1xima precisi\u00f3n. En esta p\u00e1gina web te damos una visi\u00f3n general de &hellip; <a href=\"https:\/\/www.tattoosibiza.com\/es\/tatuajes\/\" class=\"more-link\">Continue reading<span class=\"screen-reader-text\"> \u00abTATUAJE IBIZA: TODOS LOS ESTILOS EN NUESTRA IBIZA TATTOO ESTUDIO\u00bb<\/span><\/a><\/p>\n","protected":false},"author":1,"featured_media":0,"parent":0,"menu_order":0,"comment_status":"closed","ping_status":"closed","template":"page-art.php","meta":{"_acf_changed":false,"two_page_speed":[],"footnotes":""},"class_list":["post-4748","page","type-page","status-publish","hentry"],"acf":[],"aioseo_notices":[],"_links":{"self":[{"href":"https:\/\/www.tattoosibiza.com\/es\/wp-json\/wp\/v2\/pages\/4748","targetHints":{"allow":["GET"]}}],"collection":[{"href":"https:\/\/www.tattoosibiza.com\/es\/wp-json\/wp\/v2\/pages"}],"about":[{"href":"https:\/\/www.tattoosibiza.com\/es\/wp-json\/wp\/v2\/types\/page"}],"author":[{"embeddable":true,"href":"https:\/\/www.tattoosibiza.com\/es\/wp-json\/wp\/v2\/users\/1"}],"replies":[{"embeddable":true,"href":"https:\/\/www.tattoosibiza.com\/es\/wp-json\/wp\/v2\/comments?post=4748"}],"version-history":[{"count":28,"href":"https:\/\/www.tattoosibiza.com\/es\/wp-json\/wp\/v2\/pages\/4748\/revisions"}],"predecessor-version":[{"id":18646,"href":"https:\/\/www.tattoosibiza.com\/es\/wp-json\/wp\/v2\/pages\/4748\/revisions\/18646"}],"wp:attachment":[{"href":"https:\/\/www.tattoosibiza.com\/es\/wp-json\/wp\/v2\/media?parent=4748"}],"curies":[{"name":"wp","href":"https:\/\/api.w.org\/{rel}","templated":true}]}}