{"id":6203,"date":"2023-08-22T23:39:17","date_gmt":"2023-08-22T21:39:17","guid":{"rendered":"https:\/\/www.tattoosibiza.com\/privacy-policy\/"},"modified":"2026-01-28T17:56:21","modified_gmt":"2026-01-28T16:56:21","slug":"privacy-policy","status":"publish","type":"page","link":"https:\/\/www.tattoosibiza.com\/es\/privacy-policy\/","title":{"rendered":"Pol\u00edtica de Privacidad"},"content":{"rendered":"\r\n<h2 class=\"wp-block-heading\">A) Informaci\u00f3n sobre la recogida de datos personales y datos de contacto de la persona responsable<\/h2>\r\n\r\n\r\n\r\n<p>1.1 Nos complace que visite nuestro sitio web y le agradecemos su inter\u00e9s. A continuaci\u00f3n le informaremos sobre c\u00f3mo se tratan sus datos personales cuando utiliza nuestro sitio web. Los datos personales son todos aquellos con los que se le puede identificar personalmente.<\/p>\r\n\r\n\r\n\r\n<p>1.2 La persona responsable del tratamiento de datos en este sitio web en el sentido del Reglamento General de Protecci\u00f3n de Datos (RGPD) es Christian Wolf, Ibiza, Tel: +34 612 405 357, Mail: <a href=\"mailto:ibiza@tattoolounges.de\">ibiza@tattoolounges.de<\/a>. 1.2. El responsable del tratamiento de datos personales es la persona f\u00edsica o jur\u00eddica que, sola o conjuntamente con otras, decide sobre los fines y medios del tratamiento de datos personales.<\/p>\r\n\r\n\r\n\r\n<p>1.3 El responsable no ha designado un delegado de protecci\u00f3n de datos para este sitio web.<\/p>\r\n\r\n\r\n\r\n<p>1.4 Por razones de seguridad y para proteger la transmisi\u00f3n de datos personales y otros contenidos confidenciales (por ejemplo, pedidos o consultas a la persona responsable), este sitio web utiliza SSL o. TLS. Puede reconocer una conexi\u00f3n cifrada por la cadena \u00abhttps:\/\/\u00bb y el s\u00edmbolo del candado en la l\u00ednea de su navegador.<\/p>\r\n\r\n\r\n\r\n<h2 class=\"wp-block-heading\">B) Recogida de datos cuando visita nuestro sitio web<\/h2>\r\n\r\n\r\n\r\n<p>Si utiliza nuestro sitio web \u00fanicamente con fines informativos, es decir, si no se registra ni nos facilita informaci\u00f3n de otro tipo, s\u00f3lo recopilamos los datos que su navegador transmite a nuestro servidor (los denominados \u00abarchivos de registro del servidor\u00bb). Cuando accede a nuestro sitio web, recopilamos los siguientes datos, que son t\u00e9cnicamente necesarios para que podamos mostrarle el sitio web:<\/p>\r\n\r\n\r\n\r\n<ul class=\"wp-block-list\">\r\n<li>Nuestro sitio web visitado<\/li>\r\n\r\n\r\n\r\n<li>Fecha y hora en el momento del acceso<\/li>\r\n\r\n\r\n\r\n<li>Cantidad de datos enviados en bytes<\/li>\r\n\r\n\r\n\r\n<li>Fuente\/referencia desde la que lleg\u00f3 a la p\u00e1gina<\/li>\r\n\r\n\r\n\r\n<li>Navegador utilizado<\/li>\r\n\r\n\r\n\r\n<li>Sistema operativo utilizado<\/li>\r\n\r\n\r\n\r\n<li>Direcci\u00f3n IP utilizada (en caso necesario: de forma anonimizada)<\/li>\r\n<\/ul>\r\n\r\n\r\n\r\n<p>El tratamiento se lleva a cabo de conformidad con el art\u00edculo 6, apartado 1, letra f del GDPR sobre la base de nuestro inter\u00e9s leg\u00edtimo en mejorar la estabilidad y funcionalidad de nuestro sitio web. Los datos no se transmitir\u00e1n ni se utilizar\u00e1n de ninguna otra forma. No obstante, nos reservamos el derecho a comprobar posteriormente los archivos de registro del servidor si existen indicios concretos de uso ilegal.<\/p>\r\n\r\n\r\n\r\n<h2 class=\"wp-block-heading\">C) Cookies<\/h2>\r\n\r\n\r\n\r\n<p>Para hacer m\u00e1s atractiva la visita a nuestro sitio web y permitir el uso de determinadas funciones, utilizamos las denominadas cookies en varias p\u00e1ginas. Se trata de peque\u00f1os archivos de texto que se almacenan en su dispositivo. Algunas de las cookies que utilizamos se eliminan una vez finalizada la sesi\u00f3n del navegador, es decir, cuando usted cierra el navegador (las denominadas cookies de sesi\u00f3n). Otras cookies permanecen en su dispositivo y nos permiten a nosotros o a nuestras empresas asociadas (cookies de terceros) reconocer su navegador en su pr\u00f3xima visita (cookies persistentes). Si se instalan cookies, \u00e9stas recopilan y procesan determinada informaci\u00f3n del usuario, como los datos del navegador y de localizaci\u00f3n, as\u00ed como los valores de la direcci\u00f3n IP de forma individual. Las cookies persistentes se eliminan autom\u00e1ticamente tras un periodo de tiempo determinado.<\/p>\r\n\r\n\r\n\r\n<p>Si los datos personales tambi\u00e9n se procesan a trav\u00e9s de cookies individuales implementadas por nosotros, el procesamiento se lleva a cabo de conformidad con el Art. 6 Para. 1 lit. f GDPR para proteger nuestros intereses leg\u00edtimos en la mejor funcionalidad posible del sitio web, as\u00ed como un dise\u00f1o amigable y eficaz de la visita a la p\u00e1gina.<\/p>\r\n\r\n\r\n\r\n<p>Podemos trabajar con socios publicitarios que nos ayudan a hacer nuestro sitio web m\u00e1s interesante para usted. Con este fin, las cookies de las empresas asociadas tambi\u00e9n se almacenan en su disco duro cuando visita nuestro sitio web (cookies de terceros). Si trabajamos con los socios publicitarios mencionados, se le informar\u00e1 individualmente y por separado sobre el uso de dichas cookies y el alcance de la informaci\u00f3n recopilada en cada caso en los p\u00e1rrafos siguientes.<\/p>\r\n\r\n\r\n\r\n<p>Tenga en cuenta que puede configurar su navegador de modo que se le informe sobre la instalaci\u00f3n de cookies y pueda decidir individualmente si las acepta o excluye la aceptaci\u00f3n de cookies para determinados casos o en general. Cada navegador difiere en la forma en que gestiona la configuraci\u00f3n de las cookies. Esto se describe en el men\u00fa de ayuda de cada navegador, que explica c\u00f3mo puede cambiar la configuraci\u00f3n de las cookies. Puede encontrarlos para los respectivos navegadores en los siguientes enlaces:<\/p>\r\n\r\n\r\n\r\n<ul class=\"wp-block-list\">\r\n<li>Internet Explorer: https:\/\/support.microsoft.com\/de-de\/help\/17442\/windowsinternet-explorer-delete-manage-cookies<\/li>\r\n\r\n\r\n\r\n<li>Firefox: https:\/\/support.mozilla.org\/de\/kb\/cookies-erlauben-und-ablehne<\/li>\r\n\r\n\r\n\r\n<li>Chrome: https:\/\/support.google.com\/chrome\/answer\/95647?hl=de&amp;hlrm=en<\/li>\r\n\r\n\r\n\r\n<li>Safari: https:\/\/support.apple.com\/kb\/ph21411?locale=de_DE<\/li>\r\n\r\n\r\n\r\n<li>Opera: http:\/\/help.opera.com\/Windows\/10.20\/de\/cookies.html<\/li>\r\n<\/ul>\r\n\r\n\r\n\r\n<p>Tenga en cuenta que si no acepta las cookies, la funcionalidad de nuestro sitio web puede verse restringida.<\/p>\r\n\r\n\r\n\r\n<h2 class=\"wp-block-heading\">D) Contacto<\/h2>\r\n\r\n\r\n\r\n<p>Cuando se pone en contacto con nosotros (por ejemplo, a trav\u00e9s de un formulario de contacto o por correo electr\u00f3nico), se recopilan datos personales. Los datos que se recogen en el caso de un formulario de contacto pueden verse en el formulario de contacto correspondiente. Estos datos se almacenan y utilizan exclusivamente con el fin de responder a su solicitud o para ponernos en contacto con usted y la administraci\u00f3n t\u00e9cnica asociada. La base jur\u00eddica para el tratamiento de los datos es nuestro inter\u00e9s leg\u00edtimo en responder a su solicitud de conformidad con el art\u00edculo 6 (1) (f) GDPR. Si su contacto tiene por objeto la celebraci\u00f3n de un contrato, la base jur\u00eddica adicional para el tratamiento es el art\u00edculo 6 (1) (b) GDPR. Sus datos se eliminar\u00e1n una vez procesada su solicitud; este es el caso si las circunstancias indican que<\/p>\r\n\r\n\r\n\r\n<h2 class=\"wp-block-heading\">E) Funci\u00f3n de comentarios<\/h2>\r\n\r\n\r\n\r\n<p>Como parte de la funci\u00f3n de comentarios en este sitio web, adem\u00e1s de su comentario, la informaci\u00f3n sobre el momento en que se cre\u00f3 el comentario y el nombre de comentarista que eligi\u00f3 se guardan y publican en el sitio web. Adem\u00e1s, se registra y almacena su direcci\u00f3n IP. Este almacenamiento de la direcci\u00f3n IP se realiza por motivos de seguridad y en caso de que la persona en cuesti\u00f3n viole los derechos de terceros o publique contenido ilegal a trav\u00e9s de un comentario realizado. Necesitamos su direcci\u00f3n de correo electr\u00f3nico para ponernos en contacto con usted en caso de que un tercero se queje de que su contenido publicado es ilegal. La base jur\u00eddica para almacenar sus datos es el art\u00edculo 6, apartado 1, letras b y f del GDPR. Nos reservamos el derecho a eliminar comentarios si terceros los critican por ser ilegales.<\/p>\r\n\r\n\r\n\r\n<h2 class=\"wp-block-heading\">F) Servicios de an\u00e1lisis web<\/h2>\r\n\r\n\r\n\r\n<p><strong>Google (Universal) Analytics<br \/><\/strong>&#8211; Google Analytics<\/p>\r\n\r\n\r\n\r\n<p>Este sitio web utiliza Google Analytics, un servicio anal\u00edtico de web prestado por Google LLC, 1600 Amphitheater Parkway, Mountain View, CA 94043, EE.UU. (\u00abGoogle\u00bb). Google Analytics utiliza las denominadas \u00abcookies\u00bb, archivos de texto que se almacenan en su ordenador y que permiten analizar el uso que usted hace del sitio web. La informaci\u00f3n que genera la cookie acerca de su uso de este sitio web (incluyendo la direcci\u00f3n IP acortada) por lo general se transmite a un servidor de Google en los EE.UU. y se almacena all\u00ed.<\/p>\r\n\r\n\r\n\r\n<p>Este sitio web utiliza Google Analytics exclusivamente con la extensi\u00f3n \u00ab_anonymizeIp()\u00bb, que garantiza que la direcci\u00f3n IP se anonimiza acort\u00e1ndola y excluye cualquier referencia directa a una persona. A trav\u00e9s de la extensi\u00f3n, su direcci\u00f3n IP ser\u00e1 acortada por Google dentro de los estados miembros de la Uni\u00f3n Europea o en otros estados contratantes del Acuerdo sobre el Espacio Econ\u00f3mico Europeo. S\u00f3lo en casos excepcionales se transmitir\u00e1 la direcci\u00f3n IP completa a un servidor de Google en los EE.UU. y se acortar\u00e1 all\u00ed. En estos casos excepcionales, este procesamiento se lleva a cabo de conformidad con el art\u00edculo 6, apartado 1, letra f del GDPR sobre la base de nuestro inter\u00e9s leg\u00edtimo en el an\u00e1lisis estad\u00edstico del comportamiento del usuario con fines de optimizaci\u00f3n y marketing.<\/p>\r\n\r\n\r\n\r\n<p>En nuestro nombre, Google usar\u00e1 esta informaci\u00f3n para evaluar su uso del sitio web, recopilar informes sobre la actividad del sitio web y prestarnos otros servicios relacionados con la actividad del sitio web y el uso de Internet. La direcci\u00f3n IP transmitida por su navegador como parte de Google Analytics no se fusiona con otros datos de Google.<\/p>\r\n\r\n\r\n\r\n<p>Puede evitar el almacenamiento de cookies configurando el software de su navegador en consecuencia; Sin embargo, nos gustar\u00eda se\u00f1alar que en este caso es posible que no pueda utilizar todas las funciones de este sitio web en toda su extensi\u00f3n. Tambi\u00e9n puede evitar que Google recopile los datos generados por la cookie y relacionados con su uso del sitio web (incluida su direcci\u00f3n IP) y que Google procese estos datos descargando e instalando el complemento del navegador disponible en el siguiente enlace :<br \/>http:\/\/tools.google.com\/dlpage\/gaoptout?hl=de<\/p>\r\n\r\n\r\n\r\n<p>Como alternativa al complemento del navegador o dentro de los navegadores en dispositivos m\u00f3viles, haga clic en el siguiente enlace para establecer una cookie de inhabilitaci\u00f3n, que impedir\u00e1 la recopilaci\u00f3n futura por parte de Google Analytics dentro de este sitio web (esta cookie de inhabilitaci\u00f3n s\u00f3lo funciona en este navegador y s\u00f3lo para este dominio, si elimina sus cookies en este navegador, debe hacer clic en este enlace de nuevo):<\/p>\r\n\r\n\r\n\r\n<p>Desactivar Google Analytics<br \/>Google LLC, con sede en EE.UU., est\u00e1 certificada para el acuerdo de protecci\u00f3n de datos entre EE.UU. y Europa \u00abPrivacy Shield\u00bb, que garantiza el cumplimiento del nivel de protecci\u00f3n de datos aplicable en la UE.<\/p>\r\n\r\n\r\n\r\n<p>Puede encontrar m\u00e1s informaci\u00f3n sobre c\u00f3mo Google Analytics trata los datos de los usuarios en la pol\u00edtica de privacidad de Google:<br \/>https:\/\/support.google.com\/analytics\/answer\/6004245?hl=de<\/p>\r\n\r\n\r\n\r\n<h2 class=\"wp-block-heading\">G) Herramientas y varios<\/h2>\r\n\r\n\r\n\r\n<p><strong>7.1 Google Maps<br \/><\/strong>En nuestro sitio web utilizamos Google Maps (API) de Google LLC, 1600 Amphitheater Parkway, Mountain View, CA 94043, EE.UU. (\u00abGoogle\u00bb). Google Maps es un servicio web para mostrar mapas interactivos (terrestres) para mostrar visualmente informaci\u00f3n geogr\u00e1fica. Al utilizar este servicio, se le mostrar\u00e1 nuestra ubicaci\u00f3n y se le facilitar\u00e1 cualquier desplazamiento.<\/p>\r\n\r\n\r\n\r\n<p>Cuando accede a las subp\u00e1ginas en las que est\u00e1 integrado el mapa de Google Maps, se transmite informaci\u00f3n sobre su uso de nuestro sitio web (como su direcci\u00f3n IP) a los servidores de Google en EE.UU. y se almacena all\u00ed. Esto ocurre independientemente de si Google proporciona una cuenta de usuario a trav\u00e9s de la cual usted inicia sesi\u00f3n o si no existe una cuenta de usuario. Si ha iniciado sesi\u00f3n en Google, sus datos se asignar\u00e1n directamente a su cuenta. Si no desea que su perfil se asocie a Google, debe cerrar la sesi\u00f3n antes de activar el bot\u00f3n. Google guarda sus datos (incluso los de los usuarios que no han iniciado sesi\u00f3n) como perfiles de uso y los eval\u00faa. Dicha evaluaci\u00f3n se lleva a cabo en particular de conformidad con el Art. 6 Para. 1 lit. f GDPR basado en los intereses leg\u00edtimos de Google para mostrar publicidad personalizada, estudios de mercado y\/o adaptar su sitio web para satisfacer sus necesidades. Tiene derecho a oponerse a la creaci\u00f3n de estos perfiles de usuario; para ello, debe ponerse en contacto con Google.<\/p>\r\n\r\n\r\n\r\n<p>Google LLC, con sede en EE.UU., est\u00e1 certificada para el acuerdo de protecci\u00f3n de datos entre EE.UU. y Europa \u00abPrivacy Shield\u00bb, que garantiza el cumplimiento del nivel de protecci\u00f3n de datos aplicable en la UE.<\/p>\r\n\r\n\r\n\r\n<p>Si no est\u00e1 de acuerdo con la futura transmisi\u00f3n de sus datos a Google al utilizar Google Maps, tambi\u00e9n tiene la opci\u00f3n de desactivar por completo el servicio web de Google Maps desactivando la aplicaci\u00f3n JavaScript en su navegador. En ese caso, no podr\u00e1 utilizar Google Maps ni, por tanto, la visualizaci\u00f3n de mapas de este sitio web.<\/p>\r\n\r\n\r\n\r\n<p>Puede consultar las condiciones de uso de Google en http:\/\/www.google.de\/intl\/de\/policies\/terms\/regional.html; encontrar\u00e1 las condiciones de uso adicionales de Google Maps en https:\/\/www.google.com\/intl \/de_US\/help\/terms_maps.html Encontrar\u00e1 informaci\u00f3n detallada sobre la protecci\u00f3n de datos en relaci\u00f3n con el uso de Google Maps en el sitio web de Google (\u00abPol\u00edtica de privacidad de Google\u00bb): http:\/\/www.google.de\/intl\/de\/policies \/privacy\/<\/p>\r\n\r\n\r\n\r\n<p><strong>7.2 Fuentes web de Google<br \/><\/strong>Este sitio utiliza las denominadas fuentes web para la visualizaci\u00f3n uniforme de fuentes, que son proporcionadas por Google LLC, 1600 Amphitheater Parkway, Mountain View, CA 94043, EE.UU. (\u00abGoogle\u00bb). Cuando accede a una p\u00e1gina, su navegador carga las fuentes web necesarias en la cach\u00e9 de su navegador para poder mostrar los textos y las fuentes correctamente.<\/p>\r\n\r\n\r\n\r\n<p>Para ello, el navegador que utiliza debe conectarse a los servidores de Google. Esto permite a Google saber que se ha accedido a nuestro sitio web a trav\u00e9s de su direcci\u00f3n IP. El uso de Google Web Fonts redunda en beneficio de una presentaci\u00f3n uniforme y atractiva de nuestra oferta en l\u00ednea. Esto representa un inter\u00e9s leg\u00edtimo en el sentido del art\u00edculo 6, apartado 1, letra f del GDPR. Si su navegador no admite fuentes web, su ordenador utilizar\u00e1 una fuente est\u00e1ndar.<\/p>\r\n\r\n\r\n\r\n<p>Google LLC, con sede en EE.UU., est\u00e1 certificada para el acuerdo de protecci\u00f3n de datos entre EE.UU. y Europa \u00abPrivacy Shield\u00bb, que garantiza el cumplimiento del nivel de protecci\u00f3n de datos aplicable en la UE.<\/p>\r\n\r\n\r\n\r\n<p>Encontrar\u00e1 m\u00e1s informaci\u00f3n sobre Google Web Fonts en https:\/\/developers.google.com\/fonts\/faq y en la pol\u00edtica de privacidad de Google: https:\/\/www.google.com\/policies\/privacy\/.<\/p>\r\n\r\n\r\n\r\n<h2 class=\"wp-block-heading\">H) Derechos del interesado<\/h2>\r\n\r\n\r\n\r\n<p>8.1 La legislaci\u00f3n aplicable en materia de protecci\u00f3n de datos le otorga<br \/>amplios derechos del interesado (derechos de informaci\u00f3n y derechos de intervenci\u00f3n) frente al responsable del tratamiento de sus datos personales<br \/>sobre los que<br \/>le informamos a continuaci\u00f3n:<\/p>\r\n\r\n\r\n\r\n<p>Derecho de informaci\u00f3n de conformidad con el Art. 15 GDPR: En particular, tiene derecho a recibir informaci\u00f3n sobre sus datos personales procesados por nosotros, los fines del procesamiento, las categor\u00edas de datos personales procesados, los destinatarios o categor\u00edas de destinatarios a los que se han revelado o se revelar\u00e1n sus datos, el per\u00edodo de almacenamiento previsto o los criterios para determinar el per\u00edodo de almacenamiento, la existencia de un derecho de rectificaci\u00f3n, eliminaci\u00f3n, restricci\u00f3n del procesamiento, la existencia de un derecho de rectificaci\u00f3n, supresi\u00f3n, limitaci\u00f3n del tratamiento, oposici\u00f3n al tratamiento, reclamaci\u00f3n ante una autoridad de control, el origen de sus datos si no fueron recabados por nosotros, la existencia de una toma de decisiones automatizada, incluida la elaboraci\u00f3n de perfiles y, en caso necesario, informaci\u00f3n significativa sobre la l\u00f3gica implicada y el alcance que le afecta y los efectos previstos de dicho tratamiento, as\u00ed como su derecho a ser informado sobre las garant\u00edas existentes de conformidad con el Art. 46 del RGPD cuando sus datos se transmitan a terceros pa\u00edses;<\/p>\r\n\r\n\r\n\r\n<p>Derecho de rectificaci\u00f3n de conformidad con el Art. 16 GDPR: Tiene derecho a la correcci\u00f3n inmediata de los datos incorrectos que le conciernen y\/o a completar los datos incompletos almacenados por nosotros;<\/p>\r\n\r\n\r\n\r\n<p>Derecho de supresi\u00f3n de acuerdo con el Art. 17 GDPR: Tiene derecho a solicitar la eliminaci\u00f3n de sus datos personales si se cumplen los requisitos del Art. 17, apartado 1, del GDPR. Sin embargo, este derecho no se aplica en particular si el tratamiento es necesario para ejercer el derecho a la libertad de expresi\u00f3n e informaci\u00f3n, para cumplir una obligaci\u00f3n legal, por razones de inter\u00e9s p\u00fablico o para hacer valer, ejercer o defender reclamaciones legales;<\/p>\r\n\r\n\r\n\r\n<p>Derecho a la restricci\u00f3n del tratamiento de conformidad con el art. 18 DEL RGPD: Usted tiene derecho a solicitar la restricci\u00f3n del tratamiento de sus datos personales siempre que se compruebe la exactitud de sus datos que usted impugna, si se niega a eliminar sus datos debido a un tratamiento de datos ilegal y en su lugar Solicitar la restricci\u00f3n del tratamiento de sus datos si necesita sus datos para hacer valer, ejercer o defender reclamaciones legales despu\u00e9s de que ya no necesitemos estos datos despu\u00e9s de que se haya logrado el prop\u00f3sito o si ha presentado una objeci\u00f3n por motivos relacionados con su situaci\u00f3n particular siempre que a\u00fan no est\u00e9 claro si nuestros intereses leg\u00edtimos son razones predominantes;<\/p>\r\n\r\n\r\n\r\n<p>Derecho de informaci\u00f3n de conformidad con el Art. 19 GDPR: Si usted ha hecho valer el derecho de rectificaci\u00f3n, supresi\u00f3n o limitaci\u00f3n del tratamiento frente al responsable, \u00e9ste est\u00e1 obligado a informar a todos los destinatarios a los que se hayan comunicado los datos personales que le conciernen de esta rectificaci\u00f3n o supresi\u00f3n de los datos o limitaci\u00f3n del tratamiento, a menos que resulte imposible o suponga un esfuerzo desproporcionado. Usted tiene derecho a ser informado sobre estos destinatarios.<\/p>\r\n\r\n\r\n\r\n<p>Derecho a la portabilidad de los datos de conformidad con el Art. 20 GDPR: Tiene derecho a recibir los datos personales que nos haya facilitado en un formato estructurado, com\u00fan y legible por m\u00e1quina o a solicitar que se transmitan a otro responsable, en la medida en que sea t\u00e9cnicamente posible;<\/p>\r\n\r\n\r\n\r\n<p>Derecho a revocar el consentimiento otorgado de conformidad con el Art. 7 Para. 3 GDPR: Tiene derecho a revocar su consentimiento para el tratamiento de datos en cualquier momento con efectos para el futuro. En caso de revocaci\u00f3n, eliminaremos inmediatamente los datos en cuesti\u00f3n, a menos que el tratamiento posterior pueda basarse en un fundamento jur\u00eddico para el tratamiento sin consentimiento. La revocaci\u00f3n del consentimiento no afecta a la legalidad del tratamiento realizado sobre la base del consentimiento antes de su revocaci\u00f3n;<\/p>\r\n\r\n\r\n\r\n<p>Derecho a reclamar de conformidad con el Art. 77 GDPR: Si considera que el tratamiento de los datos personales que le conciernen infringe el GDPR, tiene derecho -sin perjuicio de cualquier otro recurso administrativo o judicial- a presentar una reclamaci\u00f3n ante una autoridad de control, en particular en el Estado miembro de su residencia, lugar de trabajo o lugar de la presunta infracci\u00f3n.<\/p>\r\n\r\n\r\n\r\n<p><strong>8.2 Derecho de oposici\u00f3n<br \/><\/strong>Si tratamos sus datos personales bas\u00e1ndonos en nuestro inter\u00e9s leg\u00edtimo preponderante como parte de una ponderaci\u00f3n de intereses, tiene derecho a oponerse en cualquier momento a este tratamiento con efectos futuros por motivos derivados de su situaci\u00f3n particular.<\/p>\r\n\r\n\r\n\r\n<p>Si ejerce su derecho de oposici\u00f3n, dejaremos de tratar los datos en cuesti\u00f3n. No obstante, nos reservamos el derecho a seguir tratando los datos si podemos demostrar que existen razones leg\u00edtimas imperiosas para ello que prevalezcan sobre sus intereses, derechos y libertades fundamentales, o si el tratamiento sirve para hacer valer, ejercer o defender reclamaciones legales.<\/p>\r\n\r\n\r\n\r\n<p>Si procesamos sus datos personales con fines de publicidad directa, tiene derecho a oponerse en cualquier momento al procesamiento de sus datos personales con fines publicitarios. Puede ejercer su derecho de oposici\u00f3n como se ha descrito anteriormente.<\/p>\r\n\r\n\r\n\r\n<p>Si ejerce su derecho de oposici\u00f3n, dejaremos de tratar los datos en cuesti\u00f3n con fines de publicidad directa.<\/p>\r\n\r\n\r\n\r\n<h2 class=\"wp-block-heading\">I) Duraci\u00f3n del almacenamiento de datos personales<\/h2>\r\n\r\n\r\n\r\n<p>La duraci\u00f3n del almacenamiento de los datos personales se determina en funci\u00f3n del plazo de conservaci\u00f3n legal correspondiente (por ejemplo, los plazos de conservaci\u00f3n comercial y fiscal). Una vez transcurrido el plazo, los datos pertinentes se eliminar\u00e1n de forma rutinaria a menos que ya no sean necesarios para cumplir o iniciar el contrato y\/o no tengamos ning\u00fan inter\u00e9s leg\u00edtimo en seguir almacen\u00e1ndolos.<\/p>\r\n","protected":false},"excerpt":{"rendered":"<p>A) Informaci\u00f3n sobre la recogida de datos personales y datos de contacto de la persona responsable 1.1 Nos complace que visite nuestro sitio web y le agradecemos su inter\u00e9s. A continuaci\u00f3n le informaremos sobre c\u00f3mo se tratan sus datos personales cuando utiliza nuestro sitio web. Los datos personales son todos aquellos con los que se &hellip; <a href=\"https:\/\/www.tattoosibiza.com\/es\/privacy-policy\/\" class=\"more-link\">Continue reading<span class=\"screen-reader-text\"> \u00abPol\u00edtica de Privacidad\u00bb<\/span><\/a><\/p>\n","protected":false},"author":1,"featured_media":0,"parent":0,"menu_order":0,"comment_status":"closed","ping_status":"open","template":"","meta":{"_acf_changed":false,"two_page_speed":[],"footnotes":""},"class_list":["post-6203","page","type-page","status-publish","hentry"],"acf":[],"aioseo_notices":[],"_links":{"self":[{"href":"https:\/\/www.tattoosibiza.com\/es\/wp-json\/wp\/v2\/pages\/6203","targetHints":{"allow":["GET"]}}],"collection":[{"href":"https:\/\/www.tattoosibiza.com\/es\/wp-json\/wp\/v2\/pages"}],"about":[{"href":"https:\/\/www.tattoosibiza.com\/es\/wp-json\/wp\/v2\/types\/page"}],"author":[{"embeddable":true,"href":"https:\/\/www.tattoosibiza.com\/es\/wp-json\/wp\/v2\/users\/1"}],"replies":[{"embeddable":true,"href":"https:\/\/www.tattoosibiza.com\/es\/wp-json\/wp\/v2\/comments?post=6203"}],"version-history":[{"count":2,"href":"https:\/\/www.tattoosibiza.com\/es\/wp-json\/wp\/v2\/pages\/6203\/revisions"}],"predecessor-version":[{"id":34776,"href":"https:\/\/www.tattoosibiza.com\/es\/wp-json\/wp\/v2\/pages\/6203\/revisions\/34776"}],"wp:attachment":[{"href":"https:\/\/www.tattoosibiza.com\/es\/wp-json\/wp\/v2\/media?parent=6203"}],"curies":[{"name":"wp","href":"https:\/\/api.w.org\/{rel}","templated":true}]}}