{"id":3507,"date":"2023-08-22T23:39:17","date_gmt":"2023-08-22T21:39:17","guid":{"rendered":"https:\/\/www.tattoosibiza.com\/tattoo-studio\/"},"modified":"2026-01-28T17:21:00","modified_gmt":"2026-01-28T16:21:00","slug":"tattoo-studio","status":"publish","type":"page","link":"https:\/\/www.tattoosibiza.com\/fr\/","title":{"rendered":"Tatoueur \u00e0 Ibiza"},"content":{"rendered":"\r\n<p>Nos tatoueurs cr\u00e9atifs combinent une exp\u00e9rience impressionnante de plus de 100 ans dans le salon Tattoo Ibiza. Gr\u00e2ce \u00e0 leur talent artistique exceptionnel, ils se sont fait un nom sur la sc\u00e8ne internationale du tatouage et sont tr\u00e8s respect\u00e9s en Allemagne, en Europe et aux \u00c9tats-Unis. Chacun de nos artistes est un v\u00e9ritable ma\u00eetre de son art et ma\u00eetrise une grande vari\u00e9t\u00e9 de styles de tatouage.<\/p>\r\n","protected":false},"excerpt":{"rendered":"<p>Nos tatoueurs cr\u00e9atifs combinent une exp\u00e9rience impressionnante de plus de 100 ans dans le salon Tattoo Ibiza. Gr\u00e2ce \u00e0 leur talent artistique exceptionnel, ils se sont fait un nom sur la sc\u00e8ne internationale du tatouage et sont tr\u00e8s respect\u00e9s en Allemagne, en Europe et aux \u00c9tats-Unis. Chacun de nos artistes est un v\u00e9ritable ma\u00eetre de &hellip; <a href=\"https:\/\/www.tattoosibiza.com\/fr\/\" class=\"more-link\">Continue reading<span class=\"screen-reader-text\"> \u00ab\u00a0Tatoueur \u00e0 Ibiza\u00a0\u00bb<\/span><\/a><\/p>\n","protected":false},"author":1,"featured_media":3508,"parent":0,"menu_order":0,"comment_status":"closed","ping_status":"closed","template":"","meta":{"_acf_changed":false,"two_page_speed":[],"footnotes":""},"class_list":["post-3507","page","type-page","status-publish","has-post-thumbnail","hentry"],"acf":[],"aioseo_notices":[],"_links":{"self":[{"href":"https:\/\/www.tattoosibiza.com\/fr\/wp-json\/wp\/v2\/pages\/3507","targetHints":{"allow":["GET"]}}],"collection":[{"href":"https:\/\/www.tattoosibiza.com\/fr\/wp-json\/wp\/v2\/pages"}],"about":[{"href":"https:\/\/www.tattoosibiza.com\/fr\/wp-json\/wp\/v2\/types\/page"}],"author":[{"embeddable":true,"href":"https:\/\/www.tattoosibiza.com\/fr\/wp-json\/wp\/v2\/users\/1"}],"replies":[{"embeddable":true,"href":"https:\/\/www.tattoosibiza.com\/fr\/wp-json\/wp\/v2\/comments?post=3507"}],"version-history":[{"count":11,"href":"https:\/\/www.tattoosibiza.com\/fr\/wp-json\/wp\/v2\/pages\/3507\/revisions"}],"predecessor-version":[{"id":34764,"href":"https:\/\/www.tattoosibiza.com\/fr\/wp-json\/wp\/v2\/pages\/3507\/revisions\/34764"}],"wp:featuredmedia":[{"embeddable":true,"href":"https:\/\/www.tattoosibiza.com\/fr\/wp-json\/wp\/v2\/media\/3508"}],"wp:attachment":[{"href":"https:\/\/www.tattoosibiza.com\/fr\/wp-json\/wp\/v2\/media?parent=3507"}],"curies":[{"name":"wp","href":"https:\/\/api.w.org\/{rel}","templated":true}]}}