{"id":4641,"date":"2023-08-23T22:45:21","date_gmt":"2023-08-23T20:45:21","guid":{"rendered":"https:\/\/www.tattoosibiza.com\/piercing-ibiza\/"},"modified":"2024-04-30T22:14:14","modified_gmt":"2024-04-30T20:14:14","slug":"piercing-ibiza","status":"publish","type":"page","link":"https:\/\/www.tattoosibiza.com\/fr\/piercing-ibiza\/","title":{"rendered":"Piercing Ibiza &#8211; Tous les types de piercings"},"content":{"rendered":"<h2>Le nouveau studio de piercing \u00e0 Ibiza<\/h2>\r\n\r\n<p>Notre studio de piercing \u00e0 Ibiza sera un lieu o\u00f9 la fascination pour l&rsquo;art corporel et l&rsquo;expression de soi prendra vie d&rsquo;une mani\u00e8re unique. Nous accueillons tous ceux qui souhaitent enrichir leur corps gr\u00e2ce aux piercings et exprimer leur personnalit\u00e9 \u00e0 travers cette forme artistique de bijoux. Notre studio est un lieu de cr\u00e9ativit\u00e9 et d&rsquo;individualit\u00e9, o\u00f9 nos clients peuvent raconter leur histoire unique d&rsquo;une mani\u00e8re visible et impressionnante.<\/p>\r\n<h2 class=\"wp-block-heading\"><strong><span style=\"color: #ff6600;\">\u00a0 \u00a0 \u00a0 \u00a0 \u00a0 \u00a0 \u00a0 \u00a0 \u00a0 \u00a0 \u00a0 \u00a0 \u00a0 \u00a0 \u00a0 \u00a0 \u00a0 \u00a0 \u00a0 \u00a0 \u00a0 \u00a0 \u00a0 \u00a0 \u00a0 \u00a0 \u00a0 \u00a0 \u00a0 \u00a0 \u00a0 +34 604 190 540<\/span><\/strong><\/h2>\r\n\r\n\r\n\r\n<p><strong>Le c\u0153ur de notre art : des pierceurs professionnels et exp\u00e9riment\u00e9s<\/strong><\/p>\r\n\r\n\r\n\r\n<p>Dans notre studio de piercing, nous mettons l&rsquo;accent sur des perceurs professionnels et exp\u00e9riment\u00e9s qui exercent leur m\u00e9tier avec passion et pr\u00e9cision. Nos pierceurs sont soigneusement form\u00e9s, poss\u00e8dent des connaissances approfondies en mati\u00e8re d&rsquo;anatomie et d&rsquo;hygi\u00e8ne, ainsi que de nombreuses ann\u00e9es d&rsquo;exp\u00e9rience dans l&rsquo;ex\u00e9cution d&rsquo;une grande vari\u00e9t\u00e9 de techniques de piercing. La s\u00e9curit\u00e9 et la satisfaction de nos clients sont nos principales priorit\u00e9s, c&rsquo;est pourquoi nous n&rsquo;utilisons que des aiguilles st\u00e9riles jetables et des bijoux de haute qualit\u00e9 fabriqu\u00e9s dans des mat\u00e9riaux hypoallerg\u00e9niques.<\/p>\r\n","protected":false},"excerpt":{"rendered":"<p>Le nouveau studio de piercing \u00e0 Ibiza Notre studio de piercing \u00e0 Ibiza sera un lieu o\u00f9 la fascination pour l&rsquo;art corporel et l&rsquo;expression de soi prendra vie d&rsquo;une mani\u00e8re unique. Nous accueillons tous ceux qui souhaitent enrichir leur corps gr\u00e2ce aux piercings et exprimer leur personnalit\u00e9 \u00e0 travers cette forme artistique de bijoux. Notre &hellip; <a href=\"https:\/\/www.tattoosibiza.com\/fr\/piercing-ibiza\/\" class=\"more-link\">Continue reading<span class=\"screen-reader-text\"> \u00ab\u00a0Piercing Ibiza &#8211; Tous les types de piercings\u00a0\u00bb<\/span><\/a><\/p>\n","protected":false},"author":1,"featured_media":4643,"parent":0,"menu_order":0,"comment_status":"closed","ping_status":"closed","template":"page-piercing.php","meta":{"_acf_changed":false,"two_page_speed":[],"footnotes":""},"class_list":["post-4641","page","type-page","status-publish","has-post-thumbnail","hentry"],"acf":[],"aioseo_notices":[],"_links":{"self":[{"href":"https:\/\/www.tattoosibiza.com\/fr\/wp-json\/wp\/v2\/pages\/4641","targetHints":{"allow":["GET"]}}],"collection":[{"href":"https:\/\/www.tattoosibiza.com\/fr\/wp-json\/wp\/v2\/pages"}],"about":[{"href":"https:\/\/www.tattoosibiza.com\/fr\/wp-json\/wp\/v2\/types\/page"}],"author":[{"embeddable":true,"href":"https:\/\/www.tattoosibiza.com\/fr\/wp-json\/wp\/v2\/users\/1"}],"replies":[{"embeddable":true,"href":"https:\/\/www.tattoosibiza.com\/fr\/wp-json\/wp\/v2\/comments?post=4641"}],"version-history":[{"count":11,"href":"https:\/\/www.tattoosibiza.com\/fr\/wp-json\/wp\/v2\/pages\/4641\/revisions"}],"predecessor-version":[{"id":7946,"href":"https:\/\/www.tattoosibiza.com\/fr\/wp-json\/wp\/v2\/pages\/4641\/revisions\/7946"}],"wp:featuredmedia":[{"embeddable":true,"href":"https:\/\/www.tattoosibiza.com\/fr\/wp-json\/wp\/v2\/media\/4643"}],"wp:attachment":[{"href":"https:\/\/www.tattoosibiza.com\/fr\/wp-json\/wp\/v2\/media?parent=4641"}],"curies":[{"name":"wp","href":"https:\/\/api.w.org\/{rel}","templated":true}]}}