{"id":4746,"date":"2023-08-23T22:30:58","date_gmt":"2023-08-23T20:30:58","guid":{"rendered":"https:\/\/www.tattoosibiza.com\/tattoo-styles\/"},"modified":"2024-02-15T19:54:03","modified_gmt":"2024-02-15T18:54:03","slug":"styles-de-tatouage","status":"publish","type":"page","link":"https:\/\/www.tattoosibiza.com\/fr\/styles-de-tatouage\/","title":{"rendered":"Styles de tatouage"},"content":{"rendered":"\r\n<p>Bienvenue au Tattoo &#8211; Lounge Ibiza ! Nous sommes fiers de vous offrir une large gamme de types de tatouages qui refl\u00e8tent parfaitement votre style individuel et vos pr\u00e9f\u00e9rences. Nos artistes exp\u00e9riment\u00e9s sont des ma\u00eetres dans leur domaine et concr\u00e9tiseront vos id\u00e9es et visions avec la plus grande pr\u00e9cision. Dans cet article, nous vous donnons un aper\u00e7u des diff\u00e9rents tatouages et types de tatouages que vous pouvez trouver dans notre studio.<\/p>\r\n\r\n\r\n\r\n<h2 class=\"wp-block-heading\">Voici tous les types de tatouages que vous pouvez r\u00e9aliser chez nous ! !!<\/h2>\r\n\r\n\r\n\r\n<p><strong>Art r\u00e9aliste :<\/strong> Nos artistes talentueux sont connus pour leur capacit\u00e9 \u00e0 cr\u00e9er des chefs-d&rsquo;\u0153uvre r\u00e9alistes. Des portraits aux sujets naturels, nous cr\u00e9ons des images sur votre peau qui ressemblent presque \u00e0 des photographies. Nos tatouages r\u00e9alistes capturent les d\u00e9tails les plus fins pour un effet visuel absolument stup\u00e9fiant.<\/p>\r\n\r\n\r\n\r\n<p><strong>Style g\u00e9om\u00e9trique :<\/strong> Si vous avez un penchant pour les lignes \u00e9pur\u00e9es et les formes abstraites, les tatouages g\u00e9om\u00e9triques sont peut-\u00eatre ce que vous recherchez. Nos artistes cr\u00e9ent des motifs fascinants qui combinent sym\u00e9trie et harmonie d&rsquo;une mani\u00e8re unique.<\/p>\r\n\r\n\r\n\r\n<p><strong>Art de l&rsquo;aquarelle :<\/strong> Avec un m\u00e9lange de couleurs et de formes fluides qui semble se faire sans effort, les tatouages \u00e0 l&rsquo;aquarelle offrent une touche de cr\u00e9ativit\u00e9 et de dynamisme. Nos artistes utilisent une large gamme de couleurs pour cr\u00e9er des \u0153uvres qui semblent avoir \u00e9t\u00e9 peintes \u00e0 l&rsquo;aquarelle.<\/p>\r\n\r\n\r\n\r\n<p><strong>Style traditionnel :<\/strong> Les racines de l&rsquo;art du tatouage sont tr\u00e8s anciennes et nos tatouages traditionnels c\u00e9l\u00e8brent cette esth\u00e9tique classique. Avec des couleurs vives et des contours nets, ces tatouages rappellent les origines de l&rsquo;art du tatouage.<\/p>\r\n\r\n\r\n\r\n<p><strong>Style minimaliste : <\/strong>Parfois, moins, c&rsquo;est plus. Nos tatouages minimalistes se concentrent sur des lignes \u00e9pur\u00e9es et des symboles simples qui peuvent avoir une signification puissante. Ce style de tatouage discret est parfait pour exprimer subtilement votre personnalit\u00e9.<\/p>\r\n\r\n\r\n\r\n<p><strong>Art tribal : <\/strong>Pour ceux qui se sentent profond\u00e9ment li\u00e9s \u00e0 l&rsquo;histoire des tribus, nos tatouages tribaux sont un moyen d&rsquo;honorer ce lien. Nous cr\u00e9ons des motifs tribaux personnalis\u00e9s avec des lignes et des motifs puissants.<\/p>\r\n\r\n\r\n\r\n<p><strong>Art color\u00e9 : <\/strong>Nos artistes adorent donner vie aux couleurs. Qu&rsquo;il s&rsquo;agisse de fleurs vibrantes, d&rsquo;animaux color\u00e9s ou d&rsquo;\u0153uvres d&rsquo;art abstraites, nous ma\u00eetrisons l&rsquo;art de la combinaison des couleurs pour plonger votre peau dans un spectre de couleurs \u00e9poustouflant.<\/p>\r\n\r\n\r\n\r\n<p><strong>L&rsquo;art de la dissimulation :<\/strong> Vous avez un tatouage que vous n&rsquo;aimez plus ? Nos artistes exp\u00e9riment\u00e9s peuvent vous aider \u00e0 dissimuler vos anciens tatouages et \u00e0 les transformer en de nouveaux motifs \u00e9poustouflants gr\u00e2ce \u00e0 nos tatouages de dissimulation.<\/p>\r\n\r\n\r\n\r\n<p><strong>Lettrage et citations :<\/strong> Les mots peuvent \u00eatre lourds de sens, et nos artistes peuvent vous aider \u00e0 faire passer votre message de mani\u00e8re frappante. Qu&rsquo;il s&rsquo;agisse d&rsquo;une citation inspirante, d&rsquo;une date importante ou d&rsquo;un nom particulier, nous cr\u00e9ons des lettrages qui gravent vos \u00e9motions dans la peau.<\/p>\r\n\r\n\r\n\r\n<p>Nous comprenons l&rsquo;importance de l&rsquo;individualit\u00e9 lorsqu&rsquo;il s&rsquo;agit du type de tatouage. C&rsquo;est pourquoi nous travaillons en \u00e9troite collaboration avec vous pour nous assurer que vos id\u00e9es et votre imagination sont parfaitement r\u00e9alis\u00e9es. Tous les tatouages qui quittent notre studio sont des \u0153uvres d&rsquo;art uniques qui refl\u00e8tent votre personnalit\u00e9 et votre histoire.<\/p>\r\n\r\n\r\n\r\n<h3 class=\"wp-block-heading\">Informations sur les diff\u00e9rents styles de tatouage et leurs significations :<\/h3>\r\n\r\n\r\n\r\n<p><strong>Traditionnel\/vieille \u00e9cole :<\/strong> Ce style, apparu au d\u00e9but du XXe si\u00e8cle, se caract\u00e9rise par des motifs simples et audacieux, avec une palette de couleurs limit\u00e9e (g\u00e9n\u00e9ralement rouge, vert, jaune et bleu). Les tatouages traditionnels pr\u00e9sentent souvent des th\u00e8mes nautiques tels que des ancres, des bateaux, des hirondelles et des roses. Ils peuvent symboliser les th\u00e8mes de la loyaut\u00e9, de la protection et de l&rsquo;amour.<\/p>\r\n\r\n\r\n\r\n<p><strong>R\u00e9alisme :<\/strong> Les tatouages r\u00e9alistes visent \u00e0 reproduire l&rsquo;aspect de photographies ou d&rsquo;objets r\u00e9els sur la peau. Ils requi\u00e8rent un niveau \u00e9lev\u00e9 de comp\u00e9tence et d&rsquo;attention aux d\u00e9tails. Les motifs peuvent aller de portraits d&rsquo;\u00eatres chers \u00e0 des repr\u00e9sentations d&rsquo;animaux, de la nature ou m\u00eame d&rsquo;objets quotidiens. Le sens est souvent li\u00e9 \u00e0 une signification personnelle ou \u00e0 la capture d&rsquo;un souvenir particulier.<\/p>\r\n\r\n\r\n\r\n<p><strong>Aquarelle :<\/strong> les tatouages \u00e0 l&rsquo;aquarelle utilisent des couleurs vives et des motifs fluides, semblables \u00e0 des coups de pinceau, pour imiter l&rsquo;aspect des peintures \u00e0 l&rsquo;aquarelle. Ces tatouages ont souvent un caract\u00e8re r\u00eaveur et abstrait. Leur signification peut varier consid\u00e9rablement, mais ils sont souvent choisis pour leur attrait artistique et leur expressivit\u00e9 personnelle.<\/p>\r\n\r\n\r\n\r\n<p><strong>Noir et gris :<\/strong> ce style met l&rsquo;accent sur l&rsquo;utilisation de tons noirs et gris pour cr\u00e9er de la profondeur et de la dimension. Les portraits, les images religieuses et les motifs complexes sont souvent choisis. La signification d\u00e9pend du motif et peut aller du souvenir d&rsquo;\u00eatres chers \u00e0 la repr\u00e9sentation de la force int\u00e9rieure.<\/p>\r\n\r\n\r\n\r\n<p><strong>N\u00e9o-traditionnel :<\/strong> Les tatouages n\u00e9o-traditionnels sont une \u00e9volution des tatouages traditionnels. Ils utilisent des lignes et des d\u00e9tails plus complexes et une palette de couleurs plus large. Ils conservent l&rsquo;audace des tatouages traditionnels tout en permettant une plus grande cr\u00e9ativit\u00e9 artistique. La signification peut varier en fonction du motif choisi.<\/p>\r\n\r\n\r\n\r\n<p><strong>Irezumi japonais :<\/strong> Ce style traditionnel japonais se caract\u00e9rise par de grands motifs d\u00e9taill\u00e9s sur des th\u00e8mes tels que les dragons, les poissons koi, les geishas et les samoura\u00efs. Ces tatouages symbolisent souvent des concepts tels que la force, la r\u00e9sistance et la chance.<\/p>\r\n\r\n\r\n\r\n<p><strong>Tribal :<\/strong> les tatouages tribaux s&rsquo;inspirent des motifs traditionnels des cultures indig\u00e8nes du monde entier. Ils consistent souvent en des motifs et des symboles noirs audacieux qui peuvent repr\u00e9senter l&rsquo;h\u00e9ritage culturel, la spiritualit\u00e9 ou l&rsquo;identit\u00e9 personnelle.<\/p>\r\n\r\n\r\n\r\n<p><strong>Biom\u00e9canique :<\/strong> Ce style incorpore des \u00e9l\u00e9ments de machines et de robotique et donne souvent l&rsquo;impression que le tatouage fait partie du corps du porteur. Il peut symboliser une fascination pour la technologie, la transformation ou un lien entre l&rsquo;homme et la machine.<\/p>\r\n\r\n\r\n\r\n<p><strong>G\u00e9om\u00e9trique :<\/strong> Les tatouages g\u00e9om\u00e9triques utilisent des formes, des lignes et des motifs pour cr\u00e9er des dessins complexes. Ils peuvent symboliser l&rsquo;\u00e9quilibre, l&rsquo;harmonie et le lien entre les diff\u00e9rents \u00e9l\u00e9ments de la vie.<\/p>\r\n\r\n\r\n\r\n<p><strong>\u00c9critures\/citations :<\/strong> Les tatouages comportant des mots, des phrases ou des citations ont une signification personnelle pour celui qui les porte. Cette signification peut aller de la repr\u00e9sentation d&rsquo;une devise personnelle \u00e0 la comm\u00e9moration d&rsquo;un \u00e9v\u00e9nement ou d&rsquo;une relation importante.<\/p>\r\n\r\n\r\n\r\n<p><strong>Symbolique\/spirituel : <\/strong>ces tatouages comportent des symboles ayant une signification sp\u00e9cifique, tels que les mandalas qui repr\u00e9sentent l&rsquo;unit\u00e9 spirituelle, les fleurs de lotus qui symbolisent la croissance et l&rsquo;illumination, et les symboles yin-yang qui repr\u00e9sentent l&rsquo;\u00e9quilibre.<\/p>\r\n\r\n\r\n\r\n<p>N&rsquo;oubliez pas que les significations des tatouages peuvent \u00eatre tr\u00e8s personnalis\u00e9es et que les gens choisissent souvent des tatouages pour des raisons personnelles qui vont au-del\u00e0 des interpr\u00e9tations traditionnelles. Lorsque vous d\u00e9cidez de vous faire tatouer, il est important de faire des recherches approfondies sur le style et les motifs choisis et de discuter clairement de vos intentions avec un tatoueur professionnel.<\/p>\r\n\r\n\r\n\r\n<p>Enfin, nous tenons \u00e0 souligner que votre satisfaction est notre priorit\u00e9 absolue. Notre \u00e9quipe d\u00e9vou\u00e9e d&rsquo;artistes \u00e0 Ibiza et de professionnels est \u00e0 votre disposition pour vous guider dans la r\u00e9alisation de votre tatouage.<\/p>\r\n\r\n\r\n\r\n<p>Contactez notre salon \u00e0 Ibiza pour prendre rendez-vous et discuter de vos id\u00e9es avec nous. Cr\u00e9ons ensemble un tatouage qui vous apportera toute une vie de joie !<\/p>\r\n","protected":false},"excerpt":{"rendered":"<p>Bienvenue au Tattoo &#8211; Lounge Ibiza ! Nous sommes fiers de vous offrir une large gamme de types de tatouages qui refl\u00e8tent parfaitement votre style individuel et vos pr\u00e9f\u00e9rences. Nos artistes exp\u00e9riment\u00e9s sont des ma\u00eetres dans leur domaine et concr\u00e9tiseront vos id\u00e9es et visions avec la plus grande pr\u00e9cision. Dans cet article, nous vous donnons &hellip; <a href=\"https:\/\/www.tattoosibiza.com\/fr\/styles-de-tatouage\/\" class=\"more-link\">Continue reading<span class=\"screen-reader-text\"> \u00ab\u00a0Styles de tatouage\u00a0\u00bb<\/span><\/a><\/p>\n","protected":false},"author":1,"featured_media":0,"parent":0,"menu_order":0,"comment_status":"closed","ping_status":"closed","template":"page-art.php","meta":{"_acf_changed":false,"two_page_speed":[],"footnotes":""},"class_list":["post-4746","page","type-page","status-publish","hentry"],"acf":[],"aioseo_notices":[],"_links":{"self":[{"href":"https:\/\/www.tattoosibiza.com\/fr\/wp-json\/wp\/v2\/pages\/4746","targetHints":{"allow":["GET"]}}],"collection":[{"href":"https:\/\/www.tattoosibiza.com\/fr\/wp-json\/wp\/v2\/pages"}],"about":[{"href":"https:\/\/www.tattoosibiza.com\/fr\/wp-json\/wp\/v2\/types\/page"}],"author":[{"embeddable":true,"href":"https:\/\/www.tattoosibiza.com\/fr\/wp-json\/wp\/v2\/users\/1"}],"replies":[{"embeddable":true,"href":"https:\/\/www.tattoosibiza.com\/fr\/wp-json\/wp\/v2\/comments?post=4746"}],"version-history":[{"count":2,"href":"https:\/\/www.tattoosibiza.com\/fr\/wp-json\/wp\/v2\/pages\/4746\/revisions"}],"predecessor-version":[{"id":6941,"href":"https:\/\/www.tattoosibiza.com\/fr\/wp-json\/wp\/v2\/pages\/4746\/revisions\/6941"}],"wp:attachment":[{"href":"https:\/\/www.tattoosibiza.com\/fr\/wp-json\/wp\/v2\/media?parent=4746"}],"curies":[{"name":"wp","href":"https:\/\/api.w.org\/{rel}","templated":true}]}}