{"id":4619,"date":"2023-08-26T23:15:32","date_gmt":"2023-08-26T21:15:32","guid":{"rendered":"https:\/\/www.tattoosibiza.com\/impressum\/"},"modified":"2026-01-28T17:55:18","modified_gmt":"2026-01-28T16:55:18","slug":"impronta","status":"publish","type":"page","link":"https:\/\/www.tattoosibiza.com\/it\/impronta\/","title":{"rendered":"Impronta"},"content":{"rendered":"\r\n<p>Tattoo Longe S.l<br \/>B 566 39 578<br \/>Christian Wolf<br \/>Carrer del Canari 2 Ap 4<br \/>07819 Jesus. Ibiza<\/p>\r\n\r\n\r\n\r\n<p>Rappresentato da:<br \/>Christian Wolf<\/p>\r\n\r\n\r\n\r\n<p>Contatto:<br \/>Telefono: +34 612 405 357<br \/>E-Mail: <a href=\"mailto:info@tattoosibiza.com\">info@tattoosibiza.com<\/a><\/p>\r\n\r\n\r\n\r\n<h2 class=\"wp-block-heading\">Esclusione di responsabilit\u00e0<\/h2>\r\n\r\n\r\n\r\n<h3 class=\"wp-block-heading\">Responsabilit\u00e0 per i contenuti<\/h3>\r\n\r\n\r\n\r\n<p>I contenuti delle nostre pagine sono stati creati con la massima cura. Tuttavia, non possiamo assumerci alcuna responsabilit\u00e0 per la correttezza, la completezza e l&#8217;attualit\u00e0 dei contenuti. In qualit\u00e0 di fornitore di servizi, siamo responsabili dei nostri contenuti su queste pagine in conformit\u00e0 alle leggi generali ai sensi del \u00a7 7 comma 1 TMG. Tuttavia, ai sensi dei \u00a7\u00a7 8-10 TMG, non siamo obbligati, in qualit\u00e0 di fornitore di servizi, a monitorare le informazioni trasmesse o memorizzate da terzi o a indagare su circostanze che indicano un&#8217;attivit\u00e0 illegale. L&#8217;obbligo di rimuovere o bloccare l&#8217;uso delle informazioni in conformit\u00e0 alle leggi generali rimane inalterato. Tuttavia, la responsabilit\u00e0 in questo senso \u00e8 possibile solo a partire dal momento in cui si viene a conoscenza di una concreta violazione della legge. Qualora venissimo a conoscenza di tali violazioni, provvederemo a rimuovere immediatamente i contenuti in questione.<\/p>\r\n\r\n\r\n\r\n<h3 class=\"wp-block-heading\">Responsabilit\u00e0 per i link<\/h3>\r\n\r\n\r\n\r\n<p>Il nostro sito web contiene link a siti esterni di terzi sui cui contenuti non abbiamo alcuna influenza. Pertanto, non possiamo assumerci alcuna responsabilit\u00e0 per questi contenuti esterni. Il rispettivo fornitore o gestore delle pagine \u00e8 sempre responsabile del contenuto delle pagine collegate. Le pagine collegate sono state controllate per verificare la presenza di eventuali violazioni legali al momento del collegamento. Al momento del collegamento non sono stati individuati contenuti illegali. Tuttavia, un controllo permanente dei contenuti delle pagine collegate non \u00e8 ragionevole in assenza di indicazioni concrete di una violazione legale. Nel caso in cui venissimo a conoscenza di violazioni della legge, provvederemo a rimuovere immediatamente tali link.<\/p>\r\n\r\n\r\n\r\n<h3 class=\"wp-block-heading\">Copyright<\/h3>\r\n\r\n\r\n\r\n<p>I contenuti e le opere presenti in queste pagine creati dai gestori del sito sono soggetti alla legge tedesca sul diritto d&#8217;autore. La duplicazione, l&#8217;elaborazione, la distribuzione o qualsiasi forma di commercializzazione di tale materiale al di fuori dell&#8217;ambito di applicazione della legge sul diritto d&#8217;autore richiede il previo consenso scritto del rispettivo autore o creatore. Download e copie di questo sito sono consentiti solo per uso privato e non commerciale. Nella misura in cui i contenuti di questo sito non sono stati creati dal gestore, vengono rispettati i diritti d&#8217;autore di terzi. In particolare, i contenuti di terzi sono contrassegnati come tali. Se tuttavia doveste venire a conoscenza di una violazione del copyright, siete pregati di informarci. Qualora venissimo a conoscenza di violazioni, provvederemo a rimuovere immediatamente tali contenuti.<\/p>\r\n\r\n\r\n\r\n<h3 class=\"wp-block-heading\">Protezione dei dati<\/h3>\r\n\r\n\r\n\r\n<p>Di norma, \u00e8 possibile utilizzare il nostro sito web senza fornire dati personali. Se sulle nostre pagine vengono raccolti dati personali (ad es. nome, indirizzo o indirizzo e-mail), ci\u00f2 avviene sempre, per quanto possibile, su base volontaria. Questi dati non saranno trasmessi a terzi senza il vostro esplicito consenso.<\/p>\r\n\r\n\r\n\r\n<p>Desideriamo sottolineare che la trasmissione di dati su Internet (ad esempio la comunicazione via e-mail) pu\u00f2 presentare lacune nella sicurezza. Non \u00e8 possibile proteggere completamente i dati dall&#8217;accesso di terzi. \u00c8 espressamente vietato l&#8217;utilizzo dei dati di contatto pubblicati nell&#8217;ambito dell&#8217;obbligo di imprinting da parte di terzi per l&#8217;invio di materiale pubblicitario e informativo non espressamente richiesto. I gestori delle pagine si riservano espressamente il diritto di adire le vie legali in caso di invio non richiesto di informazioni pubblicitarie, ad esempio tramite mail di spam.<\/p>\r\n\r\n\r\n\r\n<h3 class=\"wp-block-heading\">Google Analytics<\/h3>\r\n\r\n\r\n\r\n<p>Questo sito web utilizza Google Analytics, un servizio di analisi web fornito da Google, Inc (&#8220;Google&#8221;). Google Analytics utilizza i cosiddetti &#8220;cookie&#8221;, file di testo che vengono depositati sul vostro computer per consentire al sito web di analizzare come gli utenti utilizzano il sito. Le informazioni generate dal cookie sull&#8217;utilizzo del sito web da parte dell&#8217;utente (compreso il suo indirizzo IP) verranno trasmesse e memorizzate da Google su un server negli Stati Uniti. Google utilizzer\u00e0 queste informazioni allo scopo di valutare l&#8217;utilizzo del sito web da parte dell&#8217;utente, compilare report sulle attivit\u00e0 del sito web per gli operatori del sito web e fornire altri servizi relativi alle attivit\u00e0 del sito web e all&#8217;utilizzo di Internet. Google pu\u00f2 anche trasferire queste informazioni a terzi, se ci\u00f2 \u00e8 richiesto dalla legge o se tali terzi elaborano le informazioni per conto di Google. Google non assocer\u00e0 il vostro indirizzo IP a nessun altro dato posseduto da Google. Potete rifiutarvi di usare i cookie selezionando l&#8217;impostazione appropriata sul vostro browser, ma tenete presente che in tal caso potreste non essere in grado di utilizzare tutte le funzionalit\u00e0 di questo sito web. Utilizzando il presente sito web, l&#8217;utente acconsente al trattamento dei propri dati da parte di Google per le modalit\u00e0 e i fini sopraindicati.<\/p>\r\n\r\n\r\n\r\n<h3 class=\"wp-block-heading\">Google AdSense<\/h3>\r\n\r\n\r\n\r\n<p>Questo sito web utilizza Google Adsense, un servizio di pubblicit\u00e0 sul web fornito da Google Inc, USA (&#8220;Google&#8221;). Google Adsense utilizza i cosiddetti &#8220;cookie&#8221; (file di testo), che vengono memorizzati sul vostro computer e che consentono di analizzare il vostro utilizzo del sito web. Google Adsense utilizza anche i cosiddetti &#8220;web beacon&#8221; (piccole immagini invisibili) per raccogliere informazioni. Utilizzando il web beacon, \u00e8 possibile registrare e raccogliere semplici azioni come il traffico dei visitatori sul sito web. Le informazioni generate dal cookie e\/o dal web beacon sull&#8217;utilizzo di questo sito web da parte dell&#8217;utente (compreso il suo indirizzo IP) verranno trasmesse e memorizzate da Google su un server negli Stati Uniti. Google utilizzer\u00e0 queste informazioni per valutare il vostro utilizzo del sito web in relazione agli annunci pubblicitari, per redigere rapporti sulle attivit\u00e0 del sito web e sugli annunci pubblicitari per gli operatori del sito web e per fornire altri servizi relativi alle attivit\u00e0 del sito web e all&#8217;utilizzo di Internet. Google pu\u00f2 anche trasferire queste informazioni a terzi, ove ci\u00f2 sia imposto dalla legge o laddove tali terzi trattino le informazioni per conto di Google. Google non assocer\u00e0 il vostro indirizzo IP a nessun altro dato posseduto da Google. Potete impedire la memorizzazione dei cookie sul vostro disco rigido e la visualizzazione dei web beacon selezionando &#8220;Non accettare i cookie&#8221; nelle impostazioni del vostro browser (in MS Internet Explorer in &#8220;Strumenti &gt; Opzioni Internet &gt; Privacy &gt; Impostazione&#8221;; in Firefox in &#8220;Strumenti &gt; Impostazioni &gt; Privacy &gt; Cookie&#8221;); tuttavia, desideriamo sottolineare che in questo caso potreste non essere in grado di utilizzare appieno tutte le funzioni di questo sito web. Utilizzando il presente sito web, acconsentite al trattamento dei vostri dati da parte di Google per le modalit\u00e0 e i fini sopraindicati.<\/p>\r\n","protected":false},"excerpt":{"rendered":"<p>Tattoo Longe S.lB 566 39 578Christian WolfCarrer del Canari 2 Ap 407819 Jesus. Ibiza Rappresentato da:Christian Wolf Contatto:Telefono: +34 612 405 357E-Mail: info@tattoosibiza.com Esclusione di responsabilit\u00e0 Responsabilit\u00e0 per i contenuti I contenuti delle nostre pagine sono stati creati con la massima cura. Tuttavia, non possiamo assumerci alcuna responsabilit\u00e0 per la correttezza, la completezza e l&#8217;attualit\u00e0 &hellip; <a href=\"https:\/\/www.tattoosibiza.com\/it\/impronta\/\" class=\"more-link\">Continue reading<span class=\"screen-reader-text\"> &#8220;Impronta&#8221;<\/span><\/a><\/p>\n","protected":false},"author":1,"featured_media":0,"parent":0,"menu_order":0,"comment_status":"closed","ping_status":"closed","template":"","meta":{"_acf_changed":false,"two_page_speed":[],"footnotes":""},"class_list":["post-4619","page","type-page","status-publish","hentry"],"acf":[],"aioseo_notices":[],"_links":{"self":[{"href":"https:\/\/www.tattoosibiza.com\/it\/wp-json\/wp\/v2\/pages\/4619","targetHints":{"allow":["GET"]}}],"collection":[{"href":"https:\/\/www.tattoosibiza.com\/it\/wp-json\/wp\/v2\/pages"}],"about":[{"href":"https:\/\/www.tattoosibiza.com\/it\/wp-json\/wp\/v2\/types\/page"}],"author":[{"embeddable":true,"href":"https:\/\/www.tattoosibiza.com\/it\/wp-json\/wp\/v2\/users\/1"}],"replies":[{"embeddable":true,"href":"https:\/\/www.tattoosibiza.com\/it\/wp-json\/wp\/v2\/comments?post=4619"}],"version-history":[{"count":7,"href":"https:\/\/www.tattoosibiza.com\/it\/wp-json\/wp\/v2\/pages\/4619\/revisions"}],"predecessor-version":[{"id":34773,"href":"https:\/\/www.tattoosibiza.com\/it\/wp-json\/wp\/v2\/pages\/4619\/revisions\/34773"}],"wp:attachment":[{"href":"https:\/\/www.tattoosibiza.com\/it\/wp-json\/wp\/v2\/media?parent=4619"}],"curies":[{"name":"wp","href":"https:\/\/api.w.org\/{rel}","templated":true}]}}