{"id":4644,"date":"2023-08-23T22:45:21","date_gmt":"2023-08-23T20:45:21","guid":{"rendered":"https:\/\/www.tattoosibiza.com\/piercing-ibiza\/"},"modified":"2024-04-30T22:11:29","modified_gmt":"2024-04-30T20:11:29","slug":"piercing-ibiza","status":"publish","type":"page","link":"https:\/\/www.tattoosibiza.com\/it\/piercing-ibiza\/","title":{"rendered":"Piercing Ibiza &#8211; tutti i tipi di piercing"},"content":{"rendered":"<h2>Il nuovo studio di piercing a Ibiza<\/h2>\n<p>Il nostro studio di piercing a Ibiza sar\u00e0 un luogo in cui il fascino della body art e dell&#8217;espressione personale prender\u00e0 vita in modo unico. Diamo il benvenuto a tutti coloro che vogliono arricchire il proprio corpo attraverso i piercing ed esprimere la propria personalit\u00e0 attraverso questa forma artistica di gioielleria. Il nostro studio \u00e8 un luogo di creativit\u00e0 e individualit\u00e0, dove i nostri clienti possono raccontare la loro storia unica in modo visibile e impressionante.<\/p>\n<h2 class=\"wp-block-heading\"><strong><span style=\"color: #ff6600;\">\u00a0 \u00a0 \u00a0 \u00a0 \u00a0 \u00a0 \u00a0 \u00a0 \u00a0 \u00a0 \u00a0 \u00a0 \u00a0 \u00a0 \u00a0 \u00a0 \u00a0 \u00a0 \u00a0 \u00a0 \u00a0 \u00a0 \u00a0 \u00a0 \u00a0 \u00a0 \u00a0 \u00a0 \u00a0 \u00a0 \u00a0 \u00a0+34 604 190 540<\/span><\/strong><\/h2>\n<p><strong>Il cuore della nostra arte: piercer professionisti ed esperti<\/strong><\/p>\n<p>Nel nostro studio di piercing, diamo particolare importanza a piercer professionisti ed esperti che praticano il loro mestiere con passione e precisione. I nostri piercer sono accuratamente formati, hanno una vasta conoscenza dell&#8217;anatomia e dell&#8217;igiene, oltre a molti anni di esperienza nell&#8217;esecuzione di un&#8217;ampia variet\u00e0 di tecniche di piercing. La sicurezza e la soddisfazione dei nostri clienti sono le nostre massime priorit\u00e0, pertanto utilizziamo solo aghi sterili monouso e gioielli di alta qualit\u00e0 realizzati con materiali ipoallergenici.<\/p>\n","protected":false},"excerpt":{"rendered":"<p>Il nuovo studio di piercing a Ibiza Il nostro studio di piercing a Ibiza sar\u00e0 un luogo in cui il fascino della body art e dell&#8217;espressione personale prender\u00e0 vita in modo unico. Diamo il benvenuto a tutti coloro che vogliono arricchire il proprio corpo attraverso i piercing ed esprimere la propria personalit\u00e0 attraverso questa forma &hellip; <a href=\"https:\/\/www.tattoosibiza.com\/it\/piercing-ibiza\/\" class=\"more-link\">Continue reading<span class=\"screen-reader-text\"> &#8220;Piercing Ibiza &#8211; tutti i tipi di piercing&#8221;<\/span><\/a><\/p>\n","protected":false},"author":1,"featured_media":4646,"parent":0,"menu_order":0,"comment_status":"closed","ping_status":"closed","template":"page-piercing.php","meta":{"_acf_changed":false,"two_page_speed":[],"footnotes":""},"class_list":["post-4644","page","type-page","status-publish","has-post-thumbnail","hentry"],"acf":[],"aioseo_notices":[],"_links":{"self":[{"href":"https:\/\/www.tattoosibiza.com\/it\/wp-json\/wp\/v2\/pages\/4644","targetHints":{"allow":["GET"]}}],"collection":[{"href":"https:\/\/www.tattoosibiza.com\/it\/wp-json\/wp\/v2\/pages"}],"about":[{"href":"https:\/\/www.tattoosibiza.com\/it\/wp-json\/wp\/v2\/types\/page"}],"author":[{"embeddable":true,"href":"https:\/\/www.tattoosibiza.com\/it\/wp-json\/wp\/v2\/users\/1"}],"replies":[{"embeddable":true,"href":"https:\/\/www.tattoosibiza.com\/it\/wp-json\/wp\/v2\/comments?post=4644"}],"version-history":[{"count":6,"href":"https:\/\/www.tattoosibiza.com\/it\/wp-json\/wp\/v2\/pages\/4644\/revisions"}],"predecessor-version":[{"id":7944,"href":"https:\/\/www.tattoosibiza.com\/it\/wp-json\/wp\/v2\/pages\/4644\/revisions\/7944"}],"wp:featuredmedia":[{"embeddable":true,"href":"https:\/\/www.tattoosibiza.com\/it\/wp-json\/wp\/v2\/media\/4646"}],"wp:attachment":[{"href":"https:\/\/www.tattoosibiza.com\/it\/wp-json\/wp\/v2\/media?parent=4644"}],"curies":[{"name":"wp","href":"https:\/\/api.w.org\/{rel}","templated":true}]}}