{"id":6202,"date":"2023-08-22T23:39:17","date_gmt":"2023-08-22T21:39:17","guid":{"rendered":"https:\/\/www.tattoosibiza.com\/privacy-policy\/"},"modified":"2026-01-28T17:55:49","modified_gmt":"2026-01-28T16:55:49","slug":"politica-sulla-privacy","status":"publish","type":"page","link":"https:\/\/www.tattoosibiza.com\/it\/politica-sulla-privacy\/","title":{"rendered":"Politica Sulla Privacy"},"content":{"rendered":"\r\n<h2 class=\"wp-block-heading\">A) Informazioni sulla raccolta dei dati personali e dati di contatto del responsabile<\/h2>\r\n\r\n\r\n\r\n<p>1.1 Siamo lieti che stiate visitando il nostro sito web e vi ringraziamo per il vostro interesse. Di seguito vi informiamo su come vengono trattati i vostri dati personali quando utilizzate il nostro sito web. Per dati personali si intendono tutti i dati con i quali \u00e8 possibile identificarvi personalmente.<\/p>\r\n\r\n\r\n\r\n<p>1.2 Il responsabile del trattamento dei dati su questo sito web ai sensi del Regolamento generale sulla protezione dei dati (GDPR) \u00e8 Christian Wolf, Ibiza, Tel.: +34 612 405 357, Mail: ibiza@tattoolounges.de. Il responsabile del trattamento dei dati personali \u00e8 la persona fisica o giuridica che, da sola o insieme ad altri, decide le finalit\u00e0 e i mezzi del trattamento dei dati personali.<\/p>\r\n\r\n\r\n\r\n<p>1.3 Il responsabile non ha nominato un responsabile della protezione dei dati per questo sito web.<\/p>\r\n\r\n\r\n\r\n<p>1.4 Per motivi di sicurezza e per proteggere la trasmissione di dati personali e di altri contenuti riservati (ad es. ordini o richieste al responsabile), questo sito web utilizza la crittografia SSL o TLS. TLS. Una connessione criptata \u00e8 riconoscibile dalla stringa &#8220;https:\/\/&#8221; e dal simbolo del lucchetto nella riga del browser.<\/p>\r\n\r\n\r\n\r\n<h2 class=\"wp-block-heading\">B) Raccolta dei dati durante la visita del nostro sito web<\/h2>\r\n\r\n\r\n\r\n<p>Se utilizzate il nostro sito web solo a scopo informativo, ossia se non vi registrate o non ci fornite informazioni in altro modo, raccogliamo solo i dati che il vostro browser trasmette al nostro server (i cosiddetti &#8220;file di log del server&#8221;). Quando accedete al nostro sito web, raccogliamo i seguenti dati, che sono tecnicamente necessari per visualizzarvi il sito:<\/p>\r\n\r\n\r\n\r\n<ul class=\"wp-block-list\">\r\n<li>Il nostro sito web visitato<\/li>\r\n\r\n\r\n\r\n<li>Data e ora dell&#8217;accesso<\/li>\r\n\r\n\r\n\r\n<li>Quantit\u00e0 di dati inviati in byte<\/li>\r\n\r\n\r\n\r\n<li>Fonte\/riferimento da cui siete arrivati alla pagina<\/li>\r\n\r\n\r\n\r\n<li>Browser utilizzato<\/li>\r\n\r\n\r\n\r\n<li>Sistema operativo utilizzato<\/li>\r\n\r\n\r\n\r\n<li>Indirizzo IP utilizzato (se necessario: in forma anonima)<\/li>\r\n<\/ul>\r\n\r\n\r\n\r\n<p>Il trattamento viene effettuato ai sensi dell&#8217;articolo 6, paragrafo 1, lettera f del GDPR, sulla base del nostro legittimo interesse a migliorare la stabilit\u00e0 e la funzionalit\u00e0 del nostro sito web. I dati non saranno trasmessi o utilizzati in altro modo. Tuttavia, ci riserviamo il diritto di controllare successivamente i file di log del server qualora vi siano indicazioni concrete di un utilizzo illegale.<\/p>\r\n\r\n\r\n\r\n<h2 class=\"wp-block-heading\">C) Cookie<\/h2>\r\n\r\n\r\n\r\n<p>Per rendere interessante la visita del nostro sito web e per consentire l&#8217;utilizzo di determinate funzioni, in diverse pagine utilizziamo i cosiddetti cookie. Si tratta di piccoli file di testo che vengono memorizzati sul vostro dispositivo. Alcuni dei cookie che utilizziamo vengono cancellati al termine della sessione del browser, ossia dopo la chiusura del browser (i cosiddetti cookie di sessione). Altri cookie rimangono sul vostro dispositivo e consentono a noi o alle nostre aziende partner (cookie di terze parti) di riconoscere il vostro browser alla vostra prossima visita (cookie persistenti). Se vengono impostati, i cookie raccolgono ed elaborano su base individuale determinate informazioni sull&#8217;utente, come i dati relativi al browser e alla posizione, nonch\u00e9 i valori dell&#8217;indirizzo IP. I cookie persistenti vengono cancellati automaticamente dopo un determinato periodo di tempo.<\/p>\r\n\r\n\r\n\r\n<p>Se i dati personali vengono elaborati anche attraverso singoli cookie da noi implementati, l&#8217;elaborazione avviene in conformit\u00e0 con l&#8217;Art. 6 Para. 1 lit. f GDPR per tutelare i nostri interessi legittimi alla migliore funzionalit\u00e0 possibile del sito web, nonch\u00e9 a un design efficace e di facile utilizzo per la visita delle pagine.<\/p>\r\n\r\n\r\n\r\n<p>Possiamo collaborare con partner pubblicitari che ci aiutano a rendere il nostro sito web pi\u00f9 interessante per voi. A tal fine, quando visitate il nostro sito web, vengono memorizzati sul vostro disco rigido anche cookie di aziende partner (cookie di terze parti). Se collaboriamo con i suddetti partner pubblicitari, sarete informati individualmente e separatamente sull&#8217;uso di tali cookie e sulla portata delle informazioni raccolte in ciascun caso nei paragrafi seguenti.<\/p>\r\n\r\n\r\n\r\n<p>Vi ricordiamo che potete impostare il vostro browser in modo da essere informati sull&#8217;impostazione dei cookie e decidere individualmente se accettarli o escludere l&#8217;accettazione dei cookie per determinati casi o in generale. Ogni browser differisce nel modo in cui gestisce le impostazioni dei cookie. Ci\u00f2 \u00e8 descritto nel menu di aiuto di ciascun browser, che spiega come modificare le impostazioni dei cookie. Per i rispettivi browser, \u00e8 possibile consultare i seguenti link:<\/p>\r\n\r\n\r\n\r\n<ul class=\"wp-block-list\">\r\n<li>Internet Explorer: https:\/\/support.microsoft.com\/de-de\/help\/17442\/windowsinternet-explorer-delete-manage-cookies<\/li>\r\n\r\n\r\n\r\n<li>Firefox: https:\/\/support.mozilla.org\/de\/kb\/cookies-erlauben-und-ablehne<\/li>\r\n\r\n\r\n\r\n<li>Chrome: https:\/\/support.google.com\/chrome\/answer\/95647?hl=de&amp;hlrm=en<\/li>\r\n\r\n\r\n\r\n<li>Safari: https:\/\/support.apple.com\/kb\/ph21411?locale=de_DE<\/li>\r\n\r\n\r\n\r\n<li>Opera: http:\/\/help.opera.com\/Windows\/10.20\/de\/cookies.html<\/li>\r\n<\/ul>\r\n\r\n\r\n\r\n<p>Si prega di notare che se non si accettano i cookie, la funzionalit\u00e0 del nostro sito web potrebbe essere limitata.<\/p>\r\n\r\n\r\n\r\n<h2 class=\"wp-block-heading\">D) Contatto<\/h2>\r\n\r\n\r\n\r\n<p>Quando ci contattate (ad esempio tramite modulo di contatto o e-mail), vengono raccolti dati personali. I dati raccolti nel caso di un modulo di contatto possono essere visualizzati nel rispettivo modulo di contatto. Questi dati vengono memorizzati e utilizzati esclusivamente per rispondere alla vostra richiesta o per contattarvi e per la relativa amministrazione tecnica. La base giuridica per il trattamento dei dati \u00e8 il nostro legittimo interesse a rispondere alla vostra richiesta ai sensi dell&#8217;articolo 6 (1) (f) GDPR. Se il vostro contatto \u00e8 finalizzato alla stipula di un contratto, l&#8217;ulteriore base giuridica per il trattamento \u00e8 l&#8217;articolo 6 (1) (b) GDPR. I vostri dati saranno cancellati dopo che la vostra richiesta \u00e8 stata elaborata; ci\u00f2 avviene se le circostanze indicano che<\/p>\r\n\r\n\r\n\r\n<h2 class=\"wp-block-heading\">E) Funzione di commento<\/h2>\r\n\r\n\r\n\r\n<p>Nell&#8217;ambito della funzione di commento di questo sito web, oltre al vostro commento, vengono salvate e pubblicate sul sito web informazioni sull&#8217;ora di creazione del commento e sul nome del commentatore da voi scelto. Inoltre, il vostro indirizzo IP viene registrato e memorizzato. La memorizzazione dell&#8217;indirizzo IP avviene per motivi di sicurezza e nel caso in cui la persona interessata violi i diritti di terzi o pubblichi contenuti illegali attraverso un commento. Abbiamo bisogno dell&#8217;indirizzo e-mail dell&#8217;utente per contattarlo nel caso in cui un terzo dovesse lamentarsi dell&#8217;illegalit\u00e0 dei contenuti pubblicati. La base giuridica per la memorizzazione dei dati \u00e8 l&#8217;articolo 6, paragrafo 1, lettere b e f del GDPR. Ci riserviamo il diritto di cancellare i commenti se vengono criticati da terzi come illegali.<\/p>\r\n\r\n\r\n\r\n<h2 class=\"wp-block-heading\">F) Servizi di analisi web<\/h2>\r\n\r\n\r\n\r\n<p><strong>Google (Universal) Analytics<\/strong><br \/>&#8211; Google Analytics<\/p>\r\n\r\n\r\n\r\n<p>Questo sito web utilizza Google Analytics, un servizio di analisi web fornito da Google LLC, 1600 Amphitheater Parkway, Mountain View, CA 94043, USA (&#8220;Google&#8221;). Google Analytics utilizza i cosiddetti &#8220;cookie&#8221;, file di testo che vengono memorizzati sul vostro computer e che consentono di analizzare il vostro utilizzo del sito web. Le informazioni generate dal cookie sull&#8217;utilizzo di questo sito web da parte dell&#8217;utente (compreso l&#8217;indirizzo IP abbreviato) vengono di norma trasmesse a un server di Google negli USA e l\u00ec memorizzate.<\/p>\r\n\r\n\r\n\r\n<p>Questo sito web utilizza Google Analytics esclusivamente con l&#8217;estensione &#8220;_anonymizeIp()&#8221;, che garantisce l&#8217;anonimizzazione dell&#8217;indirizzo IP abbreviandolo ed escludendo qualsiasi riferimento diretto a una persona. Grazie all&#8217;estensione, il vostro indirizzo IP viene abbreviato da Google all&#8217;interno degli Stati membri dell&#8217;Unione Europea o in altri Stati contraenti dell&#8217;Accordo sullo Spazio Economico Europeo. Solo in casi eccezionali l&#8217;indirizzo IP completo verr\u00e0 trasmesso a un server di Google negli Stati Uniti e l\u00ec abbreviato. In questi casi eccezionali, questo trattamento viene effettuato ai sensi dell&#8217;articolo 6 comma 1 lettera f del GDPR sulla base del nostro legittimo interesse all&#8217;analisi statistica del comportamento degli utenti a fini di ottimizzazione e marketing.<\/p>\r\n\r\n\r\n\r\n<p>Su nostro incarico, Google utilizzer\u00e0 queste informazioni per valutare l&#8217;utilizzo del sito web da parte dell&#8217;utente, per redigere rapporti sulle attivit\u00e0 del sito web e per fornirci altri servizi relativi alle attivit\u00e0 del sito web e all&#8217;utilizzo di Internet. L&#8217;indirizzo IP trasmesso dal vostro browser nell&#8217;ambito di Google Analytics non viene unito ad altri dati di Google.<\/p>\r\n\r\n\r\n\r\n<p>Potete impedire la memorizzazione dei cookie impostando il software del vostro browser in modo appropriato; vi segnaliamo tuttavia che in questo caso potreste non essere in grado di utilizzare appieno tutte le funzioni di questo sito web. Potete inoltre impedire a Google di rilevare i dati generati dal cookie e relativi al vostro utilizzo del sito web (compreso il vostro indirizzo IP) e di elaborarli da parte di Google scaricando e installando il plug-in del browser disponibile al seguente link:<br \/>http:\/\/tools.google.com\/dlpage\/gaoptout?hl=de<\/p>\r\n\r\n\r\n\r\n<p>In alternativa al plug-in del browser o all&#8217;interno dei browser dei dispositivi mobili, cliccate sul seguente link per impostare un cookie di opt-out, che impedir\u00e0 la futura raccolta da parte di Google Analytics all&#8217;interno di questo sito web (questo cookie di opt-out funziona solo in questo browser e solo per questo dominio; se cancellate i vostri cookie in questo browser, dovete cliccare nuovamente su questo link):<\/p>\r\n\r\n\r\n\r\n<p>Disattivare Google Analytics<br \/>Google LLC, con sede negli Stati Uniti, \u00e8 certificata per l&#8217;accordo di protezione dei dati USA-Europa &#8220;Privacy Shield&#8221;, che garantisce il rispetto del livello di protezione dei dati applicabile nell&#8217;UE.<\/p>\r\n\r\n\r\n\r\n<p>Per ulteriori informazioni sul trattamento dei dati degli utenti da parte di Google Analytics, consultare l&#8217;informativa sulla privacy di Google:<br \/>https:\/\/support.google.com\/analytics\/answer\/6004245?hl=de<\/p>\r\n\r\n\r\n\r\n<h2 class=\"wp-block-heading\">G) Strumenti e varie<\/h2>\r\n\r\n\r\n\r\n<p><strong>7.1 Google Maps<br \/><\/strong>Sul nostro sito web utilizziamo Google Maps (API) di Google LLC, 1600 Amphitheater Parkway, Mountain View, CA 94043, USA (&#8220;Google&#8221;). Google Maps \u00e8 un servizio web per la visualizzazione di mappe interattive (terrestri) per visualizzare informazioni geografiche. Utilizzando questo servizio, la nostra posizione vi sar\u00e0 mostrata e qualsiasi viaggio sar\u00e0 pi\u00f9 facile.<\/p>\r\n\r\n\r\n\r\n<p>Quando accedete alle sottopagine in cui \u00e8 integrata la mappa di Google Maps, le informazioni sul vostro utilizzo del nostro sito web (come il vostro indirizzo IP) vengono trasmesse ai server di Google negli USA e l\u00ec memorizzate. Ci\u00f2 avviene indipendentemente dal fatto che Google fornisca un account utente attraverso il quale l&#8217;utente \u00e8 connesso o che non vi sia alcun account utente. Se avete effettuato l&#8217;accesso a Google, i vostri dati saranno assegnati direttamente al vostro account. Se non volete che il vostro profilo sia associato a Google, dovete disconnettervi prima di attivare il pulsante. Google salva i vostri dati (anche per gli utenti che non hanno effettuato il login) come profili di utilizzo e li valuta. Tale valutazione avviene in particolare ai sensi dell&#8217;Art. 6 Para. 1 lit. f GDPR, in base ai legittimi interessi di Google di mostrare pubblicit\u00e0 personalizzata, di effettuare ricerche di mercato e\/o di adattare il proprio sito web alle vostre esigenze. Avete il diritto di opporvi alla creazione di questi profili utente; per esercitarlo dovete contattare Google.<\/p>\r\n\r\n\r\n\r\n<p>Google LLC, con sede negli Stati Uniti, \u00e8 certificata per l&#8217;accordo di protezione dei dati USA-Europa &#8220;Privacy Shield&#8221;, che garantisce il rispetto del livello di protezione dei dati applicabile nell&#8217;UE.<\/p>\r\n\r\n\r\n\r\n<p>Se non acconsentite alla futura trasmissione dei vostri dati a Google quando utilizzate Google Maps, avete anche la possibilit\u00e0 di disattivare completamente il servizio web di Google Maps disattivando l&#8217;applicazione JavaScript nel vostro browser. In questo caso non sar\u00e0 possibile utilizzare Google Maps e quindi la visualizzazione delle mappe su questo sito web.<\/p>\r\n\r\n\r\n\r\n<p>Le condizioni di utilizzo di Google sono consultabili all&#8217;indirizzo http:\/\/www.google.de\/intl\/de\/policies\/terms\/regional.html; le condizioni di utilizzo aggiuntive per Google Maps sono consultabili all&#8217;indirizzo https:\/\/www.google.com\/intl \/de_US\/help\/terms_maps.html Informazioni dettagliate sulla protezione dei dati in relazione all&#8217;utilizzo di Google Maps sono disponibili sul sito web di Google (&#8220;Informativa sulla privacy di Google&#8221;): http:\/\/www.google.de\/intl\/de\/policies \/privacy\/<\/p>\r\n\r\n\r\n\r\n<p><strong>7.2 Font web di Google<br \/><\/strong>Questo sito utilizza i cosiddetti web font per la visualizzazione uniforme dei caratteri, forniti da Google LLC, 1600 Amphitheater Parkway, Mountain View, CA 94043, USA (&#8220;Google&#8221;). Quando si accede a una pagina, il browser carica nella cache del browser i web font necessari per visualizzare correttamente i testi e i caratteri.<\/p>\r\n\r\n\r\n\r\n<p>A tal fine, il browser utilizzato deve collegarsi ai server di Google. In questo modo Google viene a conoscenza del fatto che il nostro sito web \u00e8 stato visitato tramite il vostro indirizzo IP. L&#8217;utilizzo di Google Web Fonts \u00e8 finalizzato a una presentazione uniforme e attraente delle nostre offerte online. Ci\u00f2 rappresenta un interesse legittimo ai sensi dell&#8217;articolo 6, paragrafo 1, lettera f del GDPR. Se il vostro browser non supporta i web font, il vostro computer utilizzer\u00e0 un font standard.<\/p>\r\n\r\n\r\n\r\n<p>Google LLC, con sede negli Stati Uniti, \u00e8 certificata per l&#8217;accordo di protezione dei dati USA-Europa &#8220;Privacy Shield&#8221;, che garantisce il rispetto del livello di protezione dei dati applicabile nell&#8217;UE.<\/p>\r\n\r\n\r\n\r\n<p>Ulteriori informazioni su Google Web Fonts sono disponibili all&#8217;indirizzo https:\/\/developers.google.com\/fonts\/faq e nell&#8217;informativa sulla privacy di Google: https:\/\/www.google.com\/policies\/privacy\/.<\/p>\r\n\r\n\r\n\r\n<h2 class=\"wp-block-heading\">H) Diritti dell&#8217;interessato<\/h2>\r\n\r\n\r\n\r\n<p>8.1 La legge sulla protezione dei dati applicabile vi garantisce<br \/>ampi diritti dell&#8217;interessato (diritti di informazione e di intervento) nei confronti del responsabile del trattamento dei vostri dati personali<br \/>di cui vi informeremo di seguito<br \/>vi informeremo di seguito:<\/p>\r\n\r\n\r\n\r\n<p>Diritto di informazione ai sensi dell&#8217;art. 15 GDPR: In particolare, avete il diritto di ricevere informazioni sui vostri dati personali da noi trattati, sulle finalit\u00e0 del trattamento, sulle categorie di dati personali trattati, sui destinatari o sulle categorie di destinatari a cui i vostri dati sono stati o saranno comunicati, sul periodo di conservazione previsto o sui criteri per determinare il periodo di conservazione, sull&#8217;esistenza di un diritto di rettifica, cancellazione, limitazione del trattamento, opposizione al trattamento, reclamo a un&#8217;autorit\u00e0 di controllo, l&#8217;origine dei vostri dati se non sono stati raccolti da noi, l&#8217;esistenza di un processo decisionale automatizzato, compresa la profilazione e, se necessario, informazioni significative sulla logica coinvolta e sulla portata che vi riguarda e sugli effetti previsti di tale trattamento, nonch\u00e9 il vostro diritto di essere informati sulle garanzie esistenti ai sensi dell&#8217;art. 46 GDPR quando i vostri dati vengono trasmessi. 46 GDPR quando i vostri dati vengono trasmessi a paesi terzi;<\/p>\r\n\r\n\r\n\r\n<p>Diritto di rettifica ai sensi dell&#8217;Art. 16 GDPR: Avete il diritto alla rettifica immediata dei dati errati che vi riguardano e\/o al completamento dei dati incompleti da noi memorizzati;<\/p>\r\n\r\n\r\n\r\n<p>Diritto alla cancellazione in conformit\u00e0 con l&#8217;Art. 17 GDPR: Avete il diritto di richiedere la cancellazione dei vostri dati personali se sono soddisfatti i requisiti di cui all&#8217;art. 17 comma 1 GDPR. 17 Paragrafo 1 GDPR. Tuttavia, questo diritto non si applica in particolare se il trattamento \u00e8 necessario per esercitare il diritto alla libert\u00e0 di espressione e di informazione, per adempiere a un obbligo legale, per motivi di interesse pubblico o per far valere, esercitare o difendere diritti legali;<\/p>\r\n\r\n\r\n\r\n<p>Diritto alla limitazione del trattamento ai sensi dell&#8217;art. 18 GDPR. 18 GDPR: Avete il diritto di richiedere la limitazione del trattamento dei vostri dati personali fintanto che viene verificata l&#8217;esattezza dei dati da voi contestati, se rifiutate di cancellare i vostri dati a causa di un trattamento illecito dei dati e invece Richiedete la limitazione del trattamento dei vostri dati se avete bisogno dei vostri dati per far valere, esercitare o difendere diritti legali dopo che non abbiamo pi\u00f9 bisogno di questi dati dopo che lo scopo \u00e8 stato raggiunto o se avete presentato un&#8217;obiezione per motivi legati alla vostra situazione particolare, fintanto che non \u00e8 ancora chiaro se i nostri interessi legittimi sono motivi predominanti;<\/p>\r\n\r\n\r\n\r\n<p>Diritto all&#8217;informazione ai sensi dell&#8217;Art. 19 GDPR: se avete fatto valere il diritto alla rettifica, alla cancellazione o alla limitazione del trattamento nei confronti del responsabile, quest&#8217;ultimo \u00e8 tenuto a informare tutti i destinatari a cui sono stati comunicati i dati personali che vi riguardano della rettifica o della cancellazione dei dati o della limitazione del trattamento, a meno che ci\u00f2 non risulti impossibile o comporti uno sforzo sproporzionato. L&#8217;utente ha il diritto di essere informato su tali destinatari.<\/p>\r\n\r\n\r\n\r\n<p>Diritto alla portabilit\u00e0 dei dati ai sensi dell&#8217;Art. 20 GDPR: Avete il diritto di ricevere i dati personali che ci avete fornito in un formato strutturato, comune e leggibile da una macchina o di chiedere che vengano trasmessi a un&#8217;altra persona responsabile, nella misura in cui ci\u00f2 sia tecnicamente fattibile;<\/p>\r\n\r\n\r\n\r\n<p>Diritto di revocare il consenso prestato ai sensi dell&#8217;Art. 7 Para. 3 GDPR: Avete il diritto di revocare il vostro consenso al trattamento dei dati in qualsiasi momento con effetto per il futuro. In caso di revoca, cancelleremo immediatamente i dati in questione, a meno che l&#8217;ulteriore trattamento non possa essere basato su una base legale per il trattamento senza consenso. La revoca del consenso non pregiudica la liceit\u00e0 del trattamento effettuato sulla base del consenso prima della sua revoca;<\/p>\r\n\r\n\r\n\r\n<p>Diritto di reclamo ai sensi dell&#8217;Art. 77 GDPR: se ritenete che il trattamento dei dati personali che vi riguardano violi il GDPR, avete il diritto &#8211; senza pregiudicare qualsiasi altro ricorso amministrativo o giudiziario &#8211; di proporre reclamo a un&#8217;autorit\u00e0 di controllo, in particolare nello Stato membro di residenza, di lavoro o del luogo della presunta violazione.<\/p>\r\n\r\n\r\n\r\n<p><strong>8.2 Diritto di opposizione<br \/><\/strong>Se trattiamo i vostri dati personali sulla base di un nostro interesse legittimo prevalente nell&#8217;ambito di una ponderazione di interessi, avete il diritto di opporvi in qualsiasi momento a questo trattamento con effetto futuro per motivi derivanti dalla vostra situazione particolare.<\/p>\r\n\r\n\r\n\r\n<p>Se esercitate il vostro diritto di opposizione, interromperemo il trattamento dei dati in questione. Tuttavia, ci riserviamo di continuare il trattamento se possiamo dimostrare l&#8217;esistenza di motivi legittimi impellenti per il trattamento che prevalgono sui vostri interessi, diritti e libert\u00e0 fondamentali, o se il trattamento serve a far valere, esercitare o difendere diritti legali.<\/p>\r\n\r\n\r\n\r\n<p>Se i vostri dati personali vengono elaborati da noi a scopo di pubblicit\u00e0 diretta, avete il diritto di opporvi in qualsiasi momento al trattamento dei vostri dati personali ai fini di tale pubblicit\u00e0. Potete esercitare la vostra obiezione come descritto sopra.<\/p>\r\n\r\n\r\n\r\n<p>Se esercitate il vostro diritto di opposizione, interromperemo il trattamento dei dati in questione a fini di pubblicit\u00e0 diretta.<\/p>\r\n\r\n\r\n\r\n<h2 class=\"wp-block-heading\">I) Durata della conservazione dei dati personali<\/h2>\r\n\r\n\r\n\r\n<p>La durata della conservazione dei dati personali \u00e8 determinata in base al rispettivo periodo di conservazione legale (ad esempio, periodi di conservazione commerciale e fiscale). Allo scadere del termine, i dati in questione saranno cancellati di routine, a meno che non siano pi\u00f9 necessari per l&#8217;adempimento o l&#8217;avvio del contratto e\/o non abbiamo alcun interesse legittimo a continuare a conservarli.<\/p>\r\n","protected":false},"excerpt":{"rendered":"<p>A) Informazioni sulla raccolta dei dati personali e dati di contatto del responsabile 1.1 Siamo lieti che stiate visitando il nostro sito web e vi ringraziamo per il vostro interesse. Di seguito vi informiamo su come vengono trattati i vostri dati personali quando utilizzate il nostro sito web. Per dati personali si intendono tutti i &hellip; <a href=\"https:\/\/www.tattoosibiza.com\/it\/politica-sulla-privacy\/\" class=\"more-link\">Continue reading<span class=\"screen-reader-text\"> &#8220;Politica Sulla Privacy&#8221;<\/span><\/a><\/p>\n","protected":false},"author":1,"featured_media":0,"parent":0,"menu_order":0,"comment_status":"closed","ping_status":"open","template":"","meta":{"_acf_changed":false,"two_page_speed":[],"footnotes":""},"class_list":["post-6202","page","type-page","status-publish","hentry"],"acf":[],"aioseo_notices":[],"_links":{"self":[{"href":"https:\/\/www.tattoosibiza.com\/it\/wp-json\/wp\/v2\/pages\/6202","targetHints":{"allow":["GET"]}}],"collection":[{"href":"https:\/\/www.tattoosibiza.com\/it\/wp-json\/wp\/v2\/pages"}],"about":[{"href":"https:\/\/www.tattoosibiza.com\/it\/wp-json\/wp\/v2\/types\/page"}],"author":[{"embeddable":true,"href":"https:\/\/www.tattoosibiza.com\/it\/wp-json\/wp\/v2\/users\/1"}],"replies":[{"embeddable":true,"href":"https:\/\/www.tattoosibiza.com\/it\/wp-json\/wp\/v2\/comments?post=6202"}],"version-history":[{"count":3,"href":"https:\/\/www.tattoosibiza.com\/it\/wp-json\/wp\/v2\/pages\/6202\/revisions"}],"predecessor-version":[{"id":34775,"href":"https:\/\/www.tattoosibiza.com\/it\/wp-json\/wp\/v2\/pages\/6202\/revisions\/34775"}],"wp:attachment":[{"href":"https:\/\/www.tattoosibiza.com\/it\/wp-json\/wp\/v2\/media?parent=6202"}],"curies":[{"name":"wp","href":"https:\/\/api.w.org\/{rel}","templated":true}]}}