{"id":4506,"date":"2023-08-23T22:30:48","date_gmt":"2023-08-23T20:30:48","guid":{"rendered":"https:\/\/www.tattoosibiza.com\/tattoo-artists\/"},"modified":"2024-02-18T06:57:54","modified_gmt":"2024-02-18T05:57:54","slug":"artiesten","status":"publish","type":"page","link":"https:\/\/www.tattoosibiza.com\/nl\/artiesten\/","title":{"rendered":"Artiesten van Tattoo Lounge"},"content":{"rendered":"\n<p><strong>We hebben de meest getalenteerde tattoo artiesten uit heel Europa in ons team.<\/strong><\/p>\n\n\n\n<p>Een goede tattoo artiest is cruciaal voor het cre\u00ebren van prachtige tatoeages van hoge kwaliteit. Er zijn veel aspecten die een goede tattoo artiest maken, waaronder artistieke vaardigheden, begrip van anatomie, gebruik van kleur en schaduw, creativiteit in het ontwerpen van op maat gemaakte tatoeages, en natuurlijk het vermogen om met klanten samen te werken om hun visie tot leven te brengen. Een professionele en ervaren tatoe\u00eberder zorgt ervoor dat je tevreden bent met je tatoeage en dat aan alle hygi\u00ebne- en veiligheidsnormen wordt voldaan. Wij hebben de beste tatoe\u00eberders in ons team en zijn zeker goed geplaatst om je een mooie en unieke tattoo te laten zetten\u2026.<\/p>\n\n\n\n<p>Boek vandaag nog een afspraak in een van onze studio&#8217;s!<\/p>\n","protected":false},"excerpt":{"rendered":"<p>We hebben de meest getalenteerde tattoo artiesten uit heel Europa in ons team. Een goede tattoo artiest is cruciaal voor het cre\u00ebren van prachtige tatoeages van hoge kwaliteit. Er zijn veel aspecten die een goede tattoo artiest maken, waaronder artistieke vaardigheden, begrip van anatomie, gebruik van kleur en schaduw, creativiteit in het ontwerpen van op &hellip; <a href=\"https:\/\/www.tattoosibiza.com\/nl\/artiesten\/\" class=\"more-link\">Continue reading<span class=\"screen-reader-text\"> &#8220;Artiesten van Tattoo Lounge&#8221;<\/span><\/a><\/p>\n","protected":false},"author":1,"featured_media":0,"parent":0,"menu_order":0,"comment_status":"closed","ping_status":"closed","template":"page-artist.php","meta":{"_acf_changed":false,"two_page_speed":[],"footnotes":""},"class_list":["post-4506","page","type-page","status-publish","hentry"],"acf":{"photo_gallery":{"gallery_1":[[{"id":3117,"title":"Tatowierer-werden-6","caption":"","full_image_url":"https:\/\/www.tattoosibiza.com\/wp-content\/uploads\/2023\/08\/Tatowierer-werden-6.webp","thumbnail_image_url":"https:\/\/www.tattoosibiza.com\/wp-content\/uploads\/2023\/08\/Tatowierer-werden-6-150x150.webp","large_srcset":"https:\/\/www.tattoosibiza.com\/wp-content\/uploads\/2023\/08\/Tatowierer-werden-6.webp 1008w, https:\/\/www.tattoosibiza.com\/wp-content\/uploads\/2023\/08\/Tatowierer-werden-6-300x225.webp 300w, https:\/\/www.tattoosibiza.com\/wp-content\/uploads\/2023\/08\/Tatowierer-werden-6-768x576.webp 768w","medium_srcset":"https:\/\/www.tattoosibiza.com\/wp-content\/uploads\/2023\/08\/Tatowierer-werden-6-300x225.webp 300w, https:\/\/www.tattoosibiza.com\/wp-content\/uploads\/2023\/08\/Tatowierer-werden-6-768x576.webp 768w, https:\/\/www.tattoosibiza.com\/wp-content\/uploads\/2023\/08\/Tatowierer-werden-6.webp 1008w","media_details":{"width":1008,"height":756,"sizes":{"medium":{"file":"Tatowierer-werden-6-300x225.webp","width":300,"height":225,"mime-type":"image\/webp","filesize":19852,"source_url":"https:\/\/www.tattoosibiza.com\/wp-content\/uploads\/2023\/08\/Tatowierer-werden-6-300x225.webp"},"thumbnail":{"file":"Tatowierer-werden-6-150x150.webp","width":150,"height":150,"mime-type":"image\/webp","filesize":8284,"source_url":"https:\/\/www.tattoosibiza.com\/wp-content\/uploads\/2023\/08\/Tatowierer-werden-6-150x150.webp"},"medium_large":{"file":"Tatowierer-werden-6-768x576.webp","width":768,"height":576,"mime-type":"image\/webp","filesize":80204,"source_url":"https:\/\/www.tattoosibiza.com\/wp-content\/uploads\/2023\/08\/Tatowierer-werden-6-768x576.webp"},"img_1920x700":{"file":"Tatowierer-werden-6-1008x700.webp","width":1008,"height":700,"mime-type":"image\/webp","filesize":98466,"source_url":"https:\/\/www.tattoosibiza.com\/wp-content\/uploads\/2023\/08\/Tatowierer-werden-6-1008x700.webp"},"img_1920x400":{"file":"Tatowierer-werden-6-1008x400.webp","width":1008,"height":400,"mime-type":"image\/webp","filesize":82420,"source_url":"https:\/\/www.tattoosibiza.com\/wp-content\/uploads\/2023\/08\/Tatowierer-werden-6-1008x400.webp"},"img_600x600":{"file":"Tatowierer-werden-6-600x600.webp","width":600,"height":600,"mime-type":"image\/webp","filesize":66346,"source_url":"https:\/\/www.tattoosibiza.com\/wp-content\/uploads\/2023\/08\/Tatowierer-werden-6-600x600.webp"},"img_500x700":{"file":"Tatowierer-werden-6-500x700.webp","width":500,"height":700,"mime-type":"image\/webp","filesize":55242,"source_url":"https:\/\/www.tattoosibiza.com\/wp-content\/uploads\/2023\/08\/Tatowierer-werden-6-500x700.webp"}}},"alt_text":"","url":"","target":""},{"id":3111,"title":"Tatowierer-werden-2","caption":"","full_image_url":"https:\/\/www.tattoosibiza.com\/wp-content\/uploads\/2023\/08\/Tatowierer-werden-2.webp","thumbnail_image_url":"https:\/\/www.tattoosibiza.com\/wp-content\/uploads\/2023\/08\/Tatowierer-werden-2-150x150.webp","large_srcset":"https:\/\/www.tattoosibiza.com\/wp-content\/uploads\/2023\/08\/Tatowierer-werden-2.webp 672w, https:\/\/www.tattoosibiza.com\/wp-content\/uploads\/2023\/08\/Tatowierer-werden-2-300x163.webp 300w","medium_srcset":"https:\/\/www.tattoosibiza.com\/wp-content\/uploads\/2023\/08\/Tatowierer-werden-2-300x163.webp 300w, https:\/\/www.tattoosibiza.com\/wp-content\/uploads\/2023\/08\/Tatowierer-werden-2.webp 672w","media_details":{"width":672,"height":366,"sizes":{"medium":{"file":"Tatowierer-werden-2-300x163.webp","width":300,"height":163,"mime-type":"image\/webp","filesize":14066,"source_url":"https:\/\/www.tattoosibiza.com\/wp-content\/uploads\/2023\/08\/Tatowierer-werden-2-300x163.webp"},"thumbnail":{"file":"Tatowierer-werden-2-150x150.webp","width":150,"height":150,"mime-type":"image\/webp","filesize":7806,"source_url":"https:\/\/www.tattoosibiza.com\/wp-content\/uploads\/2023\/08\/Tatowierer-werden-2-150x150.webp"},"img_600x600":{"file":"Tatowierer-werden-2-600x366.webp","width":600,"height":366,"mime-type":"image\/webp","filesize":32128,"source_url":"https:\/\/www.tattoosibiza.com\/wp-content\/uploads\/2023\/08\/Tatowierer-werden-2-600x366.webp"},"img_500x700":{"file":"Tatowierer-werden-2-500x366.webp","width":500,"height":366,"mime-type":"image\/webp","filesize":37900,"source_url":"https:\/\/www.tattoosibiza.com\/wp-content\/uploads\/2023\/08\/Tatowierer-werden-2-500x366.webp"}}},"alt_text":"","url":"","target":""},{"id":3335,"title":"tattoo-studio-artists-8","caption":"","full_image_url":"https:\/\/www.tattoosibiza.com\/wp-content\/uploads\/2023\/08\/tattoo-studio-artists-8.webp","thumbnail_image_url":"https:\/\/www.tattoosibiza.com\/wp-content\/uploads\/2023\/08\/tattoo-studio-artists-8-150x150.webp","large_srcset":"https:\/\/www.tattoosibiza.com\/wp-content\/uploads\/2023\/08\/tattoo-studio-artists-8.webp 543w, https:\/\/www.tattoosibiza.com\/wp-content\/uploads\/2023\/08\/tattoo-studio-artists-8-298x300.webp 298w, https:\/\/www.tattoosibiza.com\/wp-content\/uploads\/2023\/08\/tattoo-studio-artists-8-150x150.webp 150w","medium_srcset":"https:\/\/www.tattoosibiza.com\/wp-content\/uploads\/2023\/08\/tattoo-studio-artists-8-298x300.webp 298w, https:\/\/www.tattoosibiza.com\/wp-content\/uploads\/2023\/08\/tattoo-studio-artists-8-150x150.webp 150w, https:\/\/www.tattoosibiza.com\/wp-content\/uploads\/2023\/08\/tattoo-studio-artists-8.webp 543w","media_details":{"width":543,"height":546,"sizes":{"medium":{"file":"tattoo-studio-artists-8-298x300.webp","width":298,"height":300,"mime-type":"image\/webp","filesize":16870,"source_url":"https:\/\/www.tattoosibiza.com\/wp-content\/uploads\/2023\/08\/tattoo-studio-artists-8-298x300.webp"},"thumbnail":{"file":"tattoo-studio-artists-8-150x150.webp","width":150,"height":150,"mime-type":"image\/webp","filesize":6646,"source_url":"https:\/\/www.tattoosibiza.com\/wp-content\/uploads\/2023\/08\/tattoo-studio-artists-8-150x150.webp"},"img_1920x400":{"file":"tattoo-studio-artists-8-543x400.webp","width":543,"height":400,"mime-type":"image\/webp","filesize":26634,"source_url":"https:\/\/www.tattoosibiza.com\/wp-content\/uploads\/2023\/08\/tattoo-studio-artists-8-543x400.webp"},"img_500x700":{"file":"tattoo-studio-artists-8-500x546.webp","width":500,"height":546,"mime-type":"image\/webp","filesize":35998,"source_url":"https:\/\/www.tattoosibiza.com\/wp-content\/uploads\/2023\/08\/tattoo-studio-artists-8-500x546.webp"}}},"alt_text":"","url":"","target":""},{"id":3333,"title":"tattoo-studio-artists-7","caption":"","full_image_url":"https:\/\/www.tattoosibiza.com\/wp-content\/uploads\/2023\/08\/tattoo-studio-artists-7.webp","thumbnail_image_url":"https:\/\/www.tattoosibiza.com\/wp-content\/uploads\/2023\/08\/tattoo-studio-artists-7-150x150.webp","large_srcset":"https:\/\/www.tattoosibiza.com\/wp-content\/uploads\/2023\/08\/tattoo-studio-artists-7.webp 822w, https:\/\/www.tattoosibiza.com\/wp-content\/uploads\/2023\/08\/tattoo-studio-artists-7-300x198.webp 300w, https:\/\/www.tattoosibiza.com\/wp-content\/uploads\/2023\/08\/tattoo-studio-artists-7-768x507.webp 768w","medium_srcset":"https:\/\/www.tattoosibiza.com\/wp-content\/uploads\/2023\/08\/tattoo-studio-artists-7-300x198.webp 300w, https:\/\/www.tattoosibiza.com\/wp-content\/uploads\/2023\/08\/tattoo-studio-artists-7-768x507.webp 768w, https:\/\/www.tattoosibiza.com\/wp-content\/uploads\/2023\/08\/tattoo-studio-artists-7.webp 822w","media_details":{"width":822,"height":543,"sizes":{"medium":{"file":"tattoo-studio-artists-7-300x198.webp","width":300,"height":198,"mime-type":"image\/webp","filesize":23234,"source_url":"https:\/\/www.tattoosibiza.com\/wp-content\/uploads\/2023\/08\/tattoo-studio-artists-7-300x198.webp"},"thumbnail":{"file":"tattoo-studio-artists-7-150x150.webp","width":150,"height":150,"mime-type":"image\/webp","filesize":10494,"source_url":"https:\/\/www.tattoosibiza.com\/wp-content\/uploads\/2023\/08\/tattoo-studio-artists-7-150x150.webp"},"medium_large":{"file":"tattoo-studio-artists-7-768x507.webp","width":768,"height":507,"mime-type":"image\/webp","filesize":87832,"source_url":"https:\/\/www.tattoosibiza.com\/wp-content\/uploads\/2023\/08\/tattoo-studio-artists-7-768x507.webp"},"img_1920x400":{"file":"tattoo-studio-artists-7-822x400.webp","width":822,"height":400,"mime-type":"image\/webp","filesize":81364,"source_url":"https:\/\/www.tattoosibiza.com\/wp-content\/uploads\/2023\/08\/tattoo-studio-artists-7-822x400.webp"},"img_600x600":{"file":"tattoo-studio-artists-7-600x543.webp","width":600,"height":543,"mime-type":"image\/webp","filesize":81338,"source_url":"https:\/\/www.tattoosibiza.com\/wp-content\/uploads\/2023\/08\/tattoo-studio-artists-7-600x543.webp"},"img_500x700":{"file":"tattoo-studio-artists-7-500x543.webp","width":500,"height":543,"mime-type":"image\/webp","filesize":68986,"source_url":"https:\/\/www.tattoosibiza.com\/wp-content\/uploads\/2023\/08\/tattoo-studio-artists-7-500x543.webp"}}},"alt_text":"","url":"","target":""},{"id":3331,"title":"tattoo-studio-artists-6","caption":"","full_image_url":"https:\/\/www.tattoosibiza.com\/wp-content\/uploads\/2023\/08\/tattoo-studio-artists-6.webp","thumbnail_image_url":"https:\/\/www.tattoosibiza.com\/wp-content\/uploads\/2023\/08\/tattoo-studio-artists-6-150x150.webp","large_srcset":"https:\/\/www.tattoosibiza.com\/wp-content\/uploads\/2023\/08\/tattoo-studio-artists-6.webp 704w, https:\/\/www.tattoosibiza.com\/wp-content\/uploads\/2023\/08\/tattoo-studio-artists-6-300x237.webp 300w","medium_srcset":"https:\/\/www.tattoosibiza.com\/wp-content\/uploads\/2023\/08\/tattoo-studio-artists-6-300x237.webp 300w, https:\/\/www.tattoosibiza.com\/wp-content\/uploads\/2023\/08\/tattoo-studio-artists-6.webp 704w","media_details":{"width":704,"height":556,"sizes":{"medium":{"file":"tattoo-studio-artists-6-300x237.webp","width":300,"height":237,"mime-type":"image\/webp","filesize":17160,"source_url":"https:\/\/www.tattoosibiza.com\/wp-content\/uploads\/2023\/08\/tattoo-studio-artists-6-300x237.webp"},"thumbnail":{"file":"tattoo-studio-artists-6-150x150.webp","width":150,"height":150,"mime-type":"image\/webp","filesize":7824,"source_url":"https:\/\/www.tattoosibiza.com\/wp-content\/uploads\/2023\/08\/tattoo-studio-artists-6-150x150.webp"},"img_1920x400":{"file":"tattoo-studio-artists-6-704x400.webp","width":704,"height":400,"mime-type":"image\/webp","filesize":45108,"source_url":"https:\/\/www.tattoosibiza.com\/wp-content\/uploads\/2023\/08\/tattoo-studio-artists-6-704x400.webp"},"img_600x600":{"file":"tattoo-studio-artists-6-600x556.webp","width":600,"height":556,"mime-type":"image\/webp","filesize":42332,"source_url":"https:\/\/www.tattoosibiza.com\/wp-content\/uploads\/2023\/08\/tattoo-studio-artists-6-600x556.webp"},"img_500x700":{"file":"tattoo-studio-artists-6-500x556.webp","width":500,"height":556,"mime-type":"image\/webp","filesize":47060,"source_url":"https:\/\/www.tattoosibiza.com\/wp-content\/uploads\/2023\/08\/tattoo-studio-artists-6-500x556.webp"}}},"alt_text":"","url":"","target":""},{"id":3329,"title":"tattoo-studio-artists-5","caption":"","full_image_url":"https:\/\/www.tattoosibiza.com\/wp-content\/uploads\/2023\/08\/tattoo-studio-artists-5.webp","thumbnail_image_url":"https:\/\/www.tattoosibiza.com\/wp-content\/uploads\/2023\/08\/tattoo-studio-artists-5-150x150.webp","large_srcset":"https:\/\/www.tattoosibiza.com\/wp-content\/uploads\/2023\/08\/tattoo-studio-artists-5.webp 617w, https:\/\/www.tattoosibiza.com\/wp-content\/uploads\/2023\/08\/tattoo-studio-artists-5-300x288.webp 300w","medium_srcset":"https:\/\/www.tattoosibiza.com\/wp-content\/uploads\/2023\/08\/tattoo-studio-artists-5-300x288.webp 300w, https:\/\/www.tattoosibiza.com\/wp-content\/uploads\/2023\/08\/tattoo-studio-artists-5.webp 617w","media_details":{"width":617,"height":592,"sizes":{"medium":{"file":"tattoo-studio-artists-5-300x288.webp","width":300,"height":288,"mime-type":"image\/webp","filesize":18916,"source_url":"https:\/\/www.tattoosibiza.com\/wp-content\/uploads\/2023\/08\/tattoo-studio-artists-5-300x288.webp"},"thumbnail":{"file":"tattoo-studio-artists-5-150x150.webp","width":150,"height":150,"mime-type":"image\/webp","filesize":7850,"source_url":"https:\/\/www.tattoosibiza.com\/wp-content\/uploads\/2023\/08\/tattoo-studio-artists-5-150x150.webp"},"img_1920x400":{"file":"tattoo-studio-artists-5-617x400.webp","width":617,"height":400,"mime-type":"image\/webp","filesize":24222,"source_url":"https:\/\/www.tattoosibiza.com\/wp-content\/uploads\/2023\/08\/tattoo-studio-artists-5-617x400.webp"},"img_600x600":{"file":"tattoo-studio-artists-5-600x592.webp","width":600,"height":592,"mime-type":"image\/webp","filesize":37436,"source_url":"https:\/\/www.tattoosibiza.com\/wp-content\/uploads\/2023\/08\/tattoo-studio-artists-5-600x592.webp"},"img_500x700":{"file":"tattoo-studio-artists-5-500x592.webp","width":500,"height":592,"mime-type":"image\/webp","filesize":38572,"source_url":"https:\/\/www.tattoosibiza.com\/wp-content\/uploads\/2023\/08\/tattoo-studio-artists-5-500x592.webp"}}},"alt_text":"","url":"","target":""},{"id":3327,"title":"tattoo-studio-artists-4","caption":"","full_image_url":"https:\/\/www.tattoosibiza.com\/wp-content\/uploads\/2023\/08\/tattoo-studio-artists-4.webp","thumbnail_image_url":"https:\/\/www.tattoosibiza.com\/wp-content\/uploads\/2023\/08\/tattoo-studio-artists-4-150x150.webp","large_srcset":"https:\/\/www.tattoosibiza.com\/wp-content\/uploads\/2023\/08\/tattoo-studio-artists-4.webp 445w, https:\/\/www.tattoosibiza.com\/wp-content\/uploads\/2023\/08\/tattoo-studio-artists-4-300x224.webp 300w","medium_srcset":"https:\/\/www.tattoosibiza.com\/wp-content\/uploads\/2023\/08\/tattoo-studio-artists-4-300x224.webp 300w, https:\/\/www.tattoosibiza.com\/wp-content\/uploads\/2023\/08\/tattoo-studio-artists-4.webp 445w","media_details":{"width":445,"height":333,"sizes":{"medium":{"file":"tattoo-studio-artists-4-300x224.webp","width":300,"height":224,"mime-type":"image\/webp","filesize":16296,"source_url":"https:\/\/www.tattoosibiza.com\/wp-content\/uploads\/2023\/08\/tattoo-studio-artists-4-300x224.webp"},"thumbnail":{"file":"tattoo-studio-artists-4-150x150.webp","width":150,"height":150,"mime-type":"image\/webp","filesize":7294,"source_url":"https:\/\/www.tattoosibiza.com\/wp-content\/uploads\/2023\/08\/tattoo-studio-artists-4-150x150.webp"}}},"alt_text":"","url":"","target":""},{"id":3325,"title":"tattoo-studio-artists-3","caption":"","full_image_url":"https:\/\/www.tattoosibiza.com\/wp-content\/uploads\/2023\/08\/tattoo-studio-artists-3.webp","thumbnail_image_url":"https:\/\/www.tattoosibiza.com\/wp-content\/uploads\/2023\/08\/tattoo-studio-artists-3-150x150.webp","large_srcset":"https:\/\/www.tattoosibiza.com\/wp-content\/uploads\/2023\/08\/tattoo-studio-artists-3.webp 645w, https:\/\/www.tattoosibiza.com\/wp-content\/uploads\/2023\/08\/tattoo-studio-artists-3-300x223.webp 300w","medium_srcset":"https:\/\/www.tattoosibiza.com\/wp-content\/uploads\/2023\/08\/tattoo-studio-artists-3-300x223.webp 300w, https:\/\/www.tattoosibiza.com\/wp-content\/uploads\/2023\/08\/tattoo-studio-artists-3.webp 645w","media_details":{"width":645,"height":479,"sizes":{"medium":{"file":"tattoo-studio-artists-3-300x223.webp","width":300,"height":223,"mime-type":"image\/webp","filesize":16236,"source_url":"https:\/\/www.tattoosibiza.com\/wp-content\/uploads\/2023\/08\/tattoo-studio-artists-3-300x223.webp"},"thumbnail":{"file":"tattoo-studio-artists-3-150x150.webp","width":150,"height":150,"mime-type":"image\/webp","filesize":7112,"source_url":"https:\/\/www.tattoosibiza.com\/wp-content\/uploads\/2023\/08\/tattoo-studio-artists-3-150x150.webp"},"img_1920x400":{"file":"tattoo-studio-artists-3-645x400.webp","width":645,"height":400,"mime-type":"image\/webp","filesize":39848,"source_url":"https:\/\/www.tattoosibiza.com\/wp-content\/uploads\/2023\/08\/tattoo-studio-artists-3-645x400.webp"},"img_600x600":{"file":"tattoo-studio-artists-3-600x479.webp","width":600,"height":479,"mime-type":"image\/webp","filesize":44680,"source_url":"https:\/\/www.tattoosibiza.com\/wp-content\/uploads\/2023\/08\/tattoo-studio-artists-3-600x479.webp"},"img_500x700":{"file":"tattoo-studio-artists-3-500x479.webp","width":500,"height":479,"mime-type":"image\/webp","filesize":28594,"source_url":"https:\/\/www.tattoosibiza.com\/wp-content\/uploads\/2023\/08\/tattoo-studio-artists-3-500x479.webp"}}},"alt_text":"","url":"","target":""},{"id":3323,"title":"tattoo-studio-artists-2","caption":"","full_image_url":"https:\/\/www.tattoosibiza.com\/wp-content\/uploads\/2023\/08\/tattoo-studio-artists-2.webp","thumbnail_image_url":"https:\/\/www.tattoosibiza.com\/wp-content\/uploads\/2023\/08\/tattoo-studio-artists-2-150x150.webp","large_srcset":"https:\/\/www.tattoosibiza.com\/wp-content\/uploads\/2023\/08\/tattoo-studio-artists-2.webp 354w, https:\/\/www.tattoosibiza.com\/wp-content\/uploads\/2023\/08\/tattoo-studio-artists-2-201x300.webp 201w","medium_srcset":"https:\/\/www.tattoosibiza.com\/wp-content\/uploads\/2023\/08\/tattoo-studio-artists-2-201x300.webp 201w, https:\/\/www.tattoosibiza.com\/wp-content\/uploads\/2023\/08\/tattoo-studio-artists-2.webp 354w","media_details":{"width":354,"height":528,"sizes":{"medium":{"file":"tattoo-studio-artists-2-201x300.webp","width":201,"height":300,"mime-type":"image\/webp","filesize":14794,"source_url":"https:\/\/www.tattoosibiza.com\/wp-content\/uploads\/2023\/08\/tattoo-studio-artists-2-201x300.webp"},"thumbnail":{"file":"tattoo-studio-artists-2-150x150.webp","width":150,"height":150,"mime-type":"image\/webp","filesize":7488,"source_url":"https:\/\/www.tattoosibiza.com\/wp-content\/uploads\/2023\/08\/tattoo-studio-artists-2-150x150.webp"},"img_1920x400":{"file":"tattoo-studio-artists-2-354x400.webp","width":354,"height":400,"mime-type":"image\/webp","filesize":21092,"source_url":"https:\/\/www.tattoosibiza.com\/wp-content\/uploads\/2023\/08\/tattoo-studio-artists-2-354x400.webp"}}},"alt_text":"","url":"","target":""},{"id":3321,"title":"tattoo-studio-artists-1","caption":"","full_image_url":"https:\/\/www.tattoosibiza.com\/wp-content\/uploads\/2023\/08\/tattoo-studio-artists-1.webp","thumbnail_image_url":"https:\/\/www.tattoosibiza.com\/wp-content\/uploads\/2023\/08\/tattoo-studio-artists-1-150x150.webp","large_srcset":"https:\/\/www.tattoosibiza.com\/wp-content\/uploads\/2023\/08\/tattoo-studio-artists-1.webp 424w, https:\/\/www.tattoosibiza.com\/wp-content\/uploads\/2023\/08\/tattoo-studio-artists-1-221x300.webp 221w","medium_srcset":"https:\/\/www.tattoosibiza.com\/wp-content\/uploads\/2023\/08\/tattoo-studio-artists-1-221x300.webp 221w, https:\/\/www.tattoosibiza.com\/wp-content\/uploads\/2023\/08\/tattoo-studio-artists-1.webp 424w","media_details":{"width":424,"height":576,"sizes":{"medium":{"file":"tattoo-studio-artists-1-221x300.webp","width":221,"height":300,"mime-type":"image\/webp","filesize":8392,"source_url":"https:\/\/www.tattoosibiza.com\/wp-content\/uploads\/2023\/08\/tattoo-studio-artists-1-221x300.webp"},"thumbnail":{"file":"tattoo-studio-artists-1-150x150.webp","width":150,"height":150,"mime-type":"image\/webp","filesize":4200,"source_url":"https:\/\/www.tattoosibiza.com\/wp-content\/uploads\/2023\/08\/tattoo-studio-artists-1-150x150.webp"},"img_1920x400":{"file":"tattoo-studio-artists-1-424x400.webp","width":424,"height":400,"mime-type":"image\/webp","filesize":11304,"source_url":"https:\/\/www.tattoosibiza.com\/wp-content\/uploads\/2023\/08\/tattoo-studio-artists-1-424x400.webp"}}},"alt_text":"","url":"","target":""}]]}},"aioseo_notices":[],"_links":{"self":[{"href":"https:\/\/www.tattoosibiza.com\/nl\/wp-json\/wp\/v2\/pages\/4506","targetHints":{"allow":["GET"]}}],"collection":[{"href":"https:\/\/www.tattoosibiza.com\/nl\/wp-json\/wp\/v2\/pages"}],"about":[{"href":"https:\/\/www.tattoosibiza.com\/nl\/wp-json\/wp\/v2\/types\/page"}],"author":[{"embeddable":true,"href":"https:\/\/www.tattoosibiza.com\/nl\/wp-json\/wp\/v2\/users\/1"}],"replies":[{"embeddable":true,"href":"https:\/\/www.tattoosibiza.com\/nl\/wp-json\/wp\/v2\/comments?post=4506"}],"version-history":[{"count":2,"href":"https:\/\/www.tattoosibiza.com\/nl\/wp-json\/wp\/v2\/pages\/4506\/revisions"}],"predecessor-version":[{"id":6964,"href":"https:\/\/www.tattoosibiza.com\/nl\/wp-json\/wp\/v2\/pages\/4506\/revisions\/6964"}],"wp:attachment":[{"href":"https:\/\/www.tattoosibiza.com\/nl\/wp-json\/wp\/v2\/media?parent=4506"}],"curies":[{"name":"wp","href":"https:\/\/api.w.org\/{rel}","templated":true}]}}